{"id":646,"date":"2021-09-29T12:46:36","date_gmt":"2021-09-29T15:46:36","guid":{"rendered":"http:\/\/centrocomenius.org\/?page_id=646"},"modified":"2021-09-29T12:52:26","modified_gmt":"2021-09-29T15:52:26","slug":"elementor-646","status":"publish","type":"page","link":"https:\/\/centrocomenius.org\/?page_id=646","title":{"rendered":"Misi\u00f3n y Visi\u00f3n"},"content":{"rendered":"\t\t<div data-elementor-type=\"wp-post\" data-elementor-id=\"646\" class=\"elementor elementor-646\">\n\t\t\t\t\t\t<div class=\"elementor-inner\">\n\t\t\t\t<div class=\"elementor-section-wrap\">\n\t\t\t\t\t\t\t\t\t<section class=\"elementor-section elementor-top-section elementor-element elementor-element-f3300be elementor-section-boxed elementor-section-height-default elementor-section-height-default\" data-id=\"f3300be\" data-element_type=\"section\">\n\t\t\t\t\t\t<div class=\"elementor-container elementor-column-gap-default\">\n\t\t\t\t\t\t\t<div class=\"elementor-row\">\n\t\t\t\t\t<div class=\"elementor-column elementor-col-100 elementor-top-column elementor-element elementor-element-5894761\" data-id=\"5894761\" data-element_type=\"column\">\n\t\t\t<div class=\"elementor-column-wrap elementor-element-populated\">\n\t\t\t\t\t\t\t<div class=\"elementor-widget-wrap\">\n\t\t\t\t\t\t<div class=\"elementor-element elementor-element-5493bbf elementor-widget elementor-widget-heading\" data-id=\"5493bbf\" data-element_type=\"widget\" data-widget_type=\"heading.default\">\n\t\t\t\t<div class=\"elementor-widget-container\">\n\t\t\t<h2 class=\"elementor-heading-title elementor-size-default\">Misi\u00f3n y Visi\u00f3n<\/h2>\t\t<\/div>\n\t\t\t\t<\/div>\n\t\t\t\t\t\t<\/div>\n\t\t\t\t\t<\/div>\n\t\t<\/div>\n\t\t\t\t\t\t\t\t<\/div>\n\t\t\t\t\t<\/div>\n\t\t<\/section>\n\t\t\t\t<section class=\"elementor-section elementor-top-section elementor-element elementor-element-a21b7f3 elementor-section-boxed elementor-section-height-default elementor-section-height-default\" data-id=\"a21b7f3\" data-element_type=\"section\">\n\t\t\t\t\t\t<div class=\"elementor-container elementor-column-gap-default\">\n\t\t\t\t\t\t\t<div class=\"elementor-row\">\n\t\t\t\t\t<div class=\"elementor-column elementor-col-50 elementor-top-column elementor-element elementor-element-eee82b8\" data-id=\"eee82b8\" data-element_type=\"column\">\n\t\t\t<div class=\"elementor-column-wrap elementor-element-populated\">\n\t\t\t\t\t\t\t<div class=\"elementor-widget-wrap\">\n\t\t\t\t\t\t<div class=\"elementor-element elementor-element-71a4627 elementor-widget elementor-widget-heading\" data-id=\"71a4627\" data-element_type=\"widget\" data-widget_type=\"heading.default\">\n\t\t\t\t<div class=\"elementor-widget-container\">\n\t\t\t<h2 class=\"elementor-heading-title elementor-size-default\">Misi\u00f3n<\/h2>\t\t<\/div>\n\t\t\t\t<\/div>\n\t\t\t\t<div class=\"elementor-element elementor-element-dccd9a8 elementor-widget elementor-widget-heading\" data-id=\"dccd9a8\" data-element_type=\"widget\" data-widget_type=\"heading.default\">\n\t\t\t\t<div class=\"elementor-widget-container\">\n\t\t\t<h2 class=\"elementor-heading-title elementor-size-medium\"><p style=\"margin: 0cm; font-size: 12pt; font-family: Calibri, sans-serif; color: rgb(0, 0, 0); font-style: normal; font-weight: 400; letter-spacing: normal; white-space: normal;\"><span lang=\"ES-TRAD\" style=\"font-size: 14pt; font-family: Helvetica; color: rgb(127, 127, 127);\">El Centro Comenius es una organizaci\u00f3n profesional dependiente de la Corporaci\u00f3n Comenius, regulada por la Ley 20.500 relativa a corporaciones y participaci\u00f3n ciudadana en la gesti\u00f3n p\u00fablica.<o:p><\/o:p><\/span><\/p><br><p style=\"margin: 0cm; font-size: 12pt; font-family: Calibri, sans-serif; color: rgb(0, 0, 0); font-style: normal; font-weight: 400; letter-spacing: normal; white-space: normal;\"><span lang=\"ES-TRAD\" style=\"font-size: 14pt; font-family: Helvetica; color: rgb(127, 127, 127);\">La misi\u00f3n del Centro Comenius \u201ces investigar y aplicar conocimientos relevantes para el desarrollo de innovaciones educativas que las instituciones y dem\u00e1s agentes del sistema escolar transformen en capacidades, competencias y recursos. A partir de ello, propender a la promoci\u00f3n de modelos y sistemas de trabajo sostenibles, que influyan en el aprendizaje de calidad a ni\u00f1os, ni\u00f1as y adolescentes, en funci\u00f3n del desarrollo y consolidaci\u00f3n de sus talentos y proyectos de vida\u201d.<o:p><\/o:p><\/span><\/p><br><p style=\"margin: 0cm; font-size: 12pt; font-family: Calibri, sans-serif; color: rgb(0, 0, 0); font-style: normal; font-weight: 400; letter-spacing: normal; white-space: normal;\"><span lang=\"ES-TRAD\" style=\"font-size: 14pt; font-family: Helvetica; color: rgb(127, 127, 127);\">Heredero de la experiencia desarrollada en las d\u00e9cadas pasadas en la Universidad de Santiago en el contexto de la Red Enlaces, el Centro convoca a profesionales de diversas disciplinas que comparten este fin.<\/span><span style=\"color: rgb(165, 155, 155); font-family: Helvetica, sans-serif; font-size: 18px; font-weight: 600; letter-spacing: 0.6px; white-space: pre-wrap;\"><\/span><\/p><\/h2>\t\t<\/div>\n\t\t\t\t<\/div>\n\t\t\t\t\t\t<\/div>\n\t\t\t\t\t<\/div>\n\t\t<\/div>\n\t\t\t\t<div class=\"elementor-column elementor-col-50 elementor-top-column elementor-element elementor-element-d3efcef\" data-id=\"d3efcef\" data-element_type=\"column\">\n\t\t\t<div class=\"elementor-column-wrap elementor-element-populated\">\n\t\t\t\t\t\t\t<div class=\"elementor-widget-wrap\">\n\t\t\t\t\t\t<div class=\"elementor-element elementor-element-d7e1a1b elementor-widget elementor-widget-image\" data-id=\"d7e1a1b\" data-element_type=\"widget\" data-widget_type=\"image.default\">\n\t\t\t\t<div class=\"elementor-widget-container\">\n\t\t\t\t\t\t\t\t<div class=\"elementor-image\">\n\t\t\t\t\t\t\t\t\t\t\t\t<img decoding=\"async\" width=\"300\" height=\"217\" src=\"https:\/\/centrocomenius.org\/wp-content\/uploads\/2020\/05\/Foto8-300x217.jpg\" class=\"attachment-medium size-medium wp-image-89\" alt=\"\" srcset=\"https:\/\/centrocomenius.org\/wp-content\/uploads\/2020\/05\/Foto8-300x217.jpg 300w, https:\/\/centrocomenius.org\/wp-content\/uploads\/2020\/05\/Foto8.jpg 319w\" sizes=\"(max-width: 300px) 100vw, 300px\" \/>\t\t\t\t\t\t\t\t\t\t\t\t\t\t<\/div>\n\t\t\t\t\t\t<\/div>\n\t\t\t\t<\/div>\n\t\t\t\t\t\t<\/div>\n\t\t\t\t\t<\/div>\n\t\t<\/div>\n\t\t\t\t\t\t\t\t<\/div>\n\t\t\t\t\t<\/div>\n\t\t<\/section>\n\t\t\t\t<section class=\"elementor-section elementor-top-section elementor-element elementor-element-ab826cc elementor-section-boxed elementor-section-height-default elementor-section-height-default\" data-id=\"ab826cc\" data-element_type=\"section\">\n\t\t\t\t\t\t<div class=\"elementor-container elementor-column-gap-default\">\n\t\t\t\t\t\t\t<div class=\"elementor-row\">\n\t\t\t\t\t<div class=\"elementor-column elementor-col-100 elementor-top-column elementor-element elementor-element-3b2e6d1\" data-id=\"3b2e6d1\" data-element_type=\"column\">\n\t\t\t<div class=\"elementor-column-wrap elementor-element-populated\">\n\t\t\t\t\t\t\t<div class=\"elementor-widget-wrap\">\n\t\t\t\t\t\t<div class=\"elementor-element elementor-element-f7f016c elementor-widget elementor-widget-heading\" data-id=\"f7f016c\" data-element_type=\"widget\" data-widget_type=\"heading.default\">\n\t\t\t\t<div class=\"elementor-widget-container\">\n\t\t\t<h2 class=\"elementor-heading-title elementor-size-default\"><span style=\"color: rgb(93, 102, 113); font-family: &quot;Times New Roman&quot;, sans-serif; font-size: 2rem; font-style: normal; font-weight: 600;\">Visi\u00f3n<\/span><\/h2>\t\t<\/div>\n\t\t\t\t<\/div>\n\t\t\t\t<div class=\"elementor-element elementor-element-663d2f5 elementor-widget elementor-widget-heading\" data-id=\"663d2f5\" data-element_type=\"widget\" data-widget_type=\"heading.default\">\n\t\t\t\t<div class=\"elementor-widget-container\">\n\t\t\t<h2 class=\"elementor-heading-title elementor-size-default\"><span style=\"color: rgb(0, 0, 0); font-family: Calibri, sans-serif; font-size: 12pt; letter-spacing: normal; white-space: normal;\"><span lang=\"ES-TRAD\" style=\"font-size: 14pt; font-family: Helvetica; color: rgb(127, 127, 127);\">La visi\u00f3n<\/span><\/span><span lang=\"ES-TRAD\" style=\"font-style: normal; letter-spacing: normal; white-space: normal; font-size: 14pt; font-family: Helvetica; color: rgb(127, 127, 127);\"><b> <\/b><\/span><span lang=\"ES-TRAD\" style=\"font-style: normal; font-weight: 400; letter-spacing: normal; white-space: normal; font-size: 14pt; font-family: Helvetica; color: rgb(127, 127, 127);\">que nos anima es construir colaborativamente una instituci\u00f3n l\u00edder en el pa\u00eds y la regi\u00f3n en innovaci\u00f3n y desarrollo de proyectos y modelos educativos de alto impacto en la calidad de los aprendizajes de sus sistemas escolares.<\/span><\/h2>\t\t<\/div>\n\t\t\t\t<\/div>\n\t\t\t\t\t\t<\/div>\n\t\t\t\t\t<\/div>\n\t\t<\/div>\n\t\t\t\t\t\t\t\t<\/div>\n\t\t\t\t\t<\/div>\n\t\t<\/section>\n\t\t\t\t\t\t\t\t\t<\/div>\n\t\t\t<\/div>\n\t\t\t\t\t<\/div>\n\t\t","protected":false},"excerpt":{"rendered":"<p>Misi\u00f3n y Visi\u00f3n Misi\u00f3n El Centro Comenius es una organizaci\u00f3n profesional dependiente de la Corporaci\u00f3n Comenius, regulada por la Ley 20.500 relativa a corporaciones y participaci\u00f3n ciudadana en la gesti\u00f3n p\u00fablica. La misi\u00f3n del Centro Comenius \u201ces investigar y aplicar conocimientos relevantes para el desarrollo de innovaciones educativas que las instituciones y dem\u00e1s agentes del &hellip;<\/p>\n<p class=\"read-more\"> <a class=\"\" href=\"https:\/\/centrocomenius.org\/?page_id=646\"> <span class=\"screen-reader-text\">Misi\u00f3n y Visi\u00f3n<\/span> Leer m\u00e1s &raquo;<\/a><\/p>\n","protected":false},"author":1,"featured_media":0,"parent":0,"menu_order":0,"comment_status":"closed","ping_status":"closed","template":"","meta":{"site-sidebar-layout":"no-sidebar","site-content-layout":"page-builder","ast-global-header-display":"","ast-main-header-display":"","ast-hfb-above-header-display":"","ast-hfb-below-header-display":"","ast-hfb-mobile-header-display":"","site-post-title":"disabled","ast-breadcrumbs-content":"","ast-featured-img":"disabled","footer-sml-layout":"","theme-transparent-header-meta":"default","adv-header-id-meta":"","stick-header-meta":"","header-above-stick-meta":"","header-main-stick-meta":"","header-below-stick-meta":"","footnotes":""},"class_list":["post-646","page","type-page","status-publish","hentry"],"_links":{"self":[{"href":"https:\/\/centrocomenius.org\/index.php?rest_route=\/wp\/v2\/pages\/646","targetHints":{"allow":["GET"]}}],"collection":[{"href":"https:\/\/centrocomenius.org\/index.php?rest_route=\/wp\/v2\/pages"}],"about":[{"href":"https:\/\/centrocomenius.org\/index.php?rest_route=\/wp\/v2\/types\/page"}],"author":[{"embeddable":true,"href":"https:\/\/centrocomenius.org\/index.php?rest_route=\/wp\/v2\/users\/1"}],"replies":[{"embeddable":true,"href":"https:\/\/centrocomenius.org\/index.php?rest_route=%2Fwp%2Fv2%2Fcomments&post=646"}],"version-history":[{"count":3,"href":"https:\/\/centrocomenius.org\/index.php?rest_route=\/wp\/v2\/pages\/646\/revisions"}],"predecessor-version":[{"id":649,"href":"https:\/\/centrocomenius.org\/index.php?rest_route=\/wp\/v2\/pages\/646\/revisions\/649"}],"wp:attachment":[{"href":"https:\/\/centrocomenius.org\/index.php?rest_route=%2Fwp%2Fv2%2Fmedia&parent=646"}],"curies":[{"name":"wp","href":"https:\/\/api.w.org\/{rel}","templated":true}]}}