{"id":210,"date":"2020-06-08T20:03:23","date_gmt":"2020-06-09T00:03:23","guid":{"rendered":"http:\/\/fundacioncomenius.org\/?page_id=210"},"modified":"2024-01-23T16:16:49","modified_gmt":"2024-01-23T19:16:49","slug":"articulos","status":"publish","type":"page","link":"https:\/\/centrocomenius.org\/?page_id=210","title":{"rendered":"Art\u00edculos"},"content":{"rendered":"\t\t<div data-elementor-type=\"wp-page\" data-elementor-id=\"210\" class=\"elementor elementor-210\">\n\t\t\t\t\t\t<div class=\"elementor-inner\">\n\t\t\t\t<div class=\"elementor-section-wrap\">\n\t\t\t\t\t\t\t\t\t<section class=\"elementor-section elementor-top-section elementor-element elementor-element-de3c67a elementor-section-boxed elementor-section-height-default elementor-section-height-default\" data-id=\"de3c67a\" data-element_type=\"section\">\n\t\t\t\t\t\t<div class=\"elementor-container elementor-column-gap-default\">\n\t\t\t\t\t\t\t<div class=\"elementor-row\">\n\t\t\t\t\t<div class=\"elementor-column elementor-col-100 elementor-top-column elementor-element elementor-element-2f49d62\" data-id=\"2f49d62\" data-element_type=\"column\">\n\t\t\t<div class=\"elementor-column-wrap\">\n\t\t\t\t\t\t\t<div class=\"elementor-widget-wrap\">\n\t\t\t\t\t\t\t\t<\/div>\n\t\t\t\t\t<\/div>\n\t\t<\/div>\n\t\t\t\t\t\t\t\t<\/div>\n\t\t\t\t\t<\/div>\n\t\t<\/section>\n\t\t\t\t<section class=\"elementor-section elementor-top-section elementor-element elementor-element-79f5e82 elementor-section-boxed elementor-section-height-default elementor-section-height-default\" data-id=\"79f5e82\" data-element_type=\"section\">\n\t\t\t\t\t\t<div class=\"elementor-container elementor-column-gap-default\">\n\t\t\t\t\t\t\t<div class=\"elementor-row\">\n\t\t\t\t\t<div class=\"elementor-column elementor-col-50 elementor-top-column elementor-element elementor-element-2d25531\" data-id=\"2d25531\" data-element_type=\"column\">\n\t\t\t<div class=\"elementor-column-wrap\">\n\t\t\t\t\t\t\t<div class=\"elementor-widget-wrap\">\n\t\t\t\t\t\t\t\t<\/div>\n\t\t\t\t\t<\/div>\n\t\t<\/div>\n\t\t\t\t<div class=\"elementor-column elementor-col-50 elementor-top-column elementor-element elementor-element-6d51e47\" data-id=\"6d51e47\" data-element_type=\"column\">\n\t\t\t<div class=\"elementor-column-wrap elementor-element-populated\">\n\t\t\t\t\t\t\t<div class=\"elementor-widget-wrap\">\n\t\t\t\t\t\t<div class=\"elementor-element elementor-element-b041508 elementor-widget elementor-widget-heading\" data-id=\"b041508\" data-element_type=\"widget\" data-widget_type=\"heading.default\">\n\t\t\t\t<div class=\"elementor-widget-container\">\n\t\t\t<h2 class=\"elementor-heading-title elementor-size-default\"><h1 itemprop=\"headline\" style=\"box-sizing: inherit; font-style: normal; margin-bottom: 0.2em; font-family: -apple-system, system-ui, &quot;Segoe UI&quot;, Roboto, Oxygen-Sans, Ubuntu, Cantarell, &quot;Helvetica Neue&quot;, sans-serif; white-space: normal;\">Art\u00edculos<\/h1><\/h2>\t\t<\/div>\n\t\t\t\t<\/div>\n\t\t\t\t<div class=\"elementor-element elementor-element-985b799 elementor-widget elementor-widget-heading\" data-id=\"985b799\" data-element_type=\"widget\" data-widget_type=\"heading.default\">\n\t\t\t\t<div class=\"elementor-widget-container\">\n\t\t\t<h2 class=\"elementor-heading-title elementor-size-default\"><a href=\"https:\/\/revistas.ucr.ac.cr\/index.php\/cifem\/article\/view\/39902\/40445\" target=\"_blank\"><h2 data-elementor-setting-key=\"title\" data-pen-placeholder=\"Teclea aqu\u00ed...\" style=\"font-size: 18px; font-style: normal; margin-bottom: 0px; color: rgb(122, 122, 122); font-family: Helvetica, sans-serif;\">Fidel Oteiza, <i style=\"\">\u00bfPor qu\u00e9 a la did\u00e1ctica, la epistemolog\u00eda, la inform\u00e1tica y a las habilidades matem\u00e1ticas, les cuesta tanto ingresar a una clase de matem\u00e1tica?<\/i>, conferencia plenaria en el XV CIAEM, 5 al 10 de Mayo,Medell\u00edn Colombia.<\/h2><\/a><\/h2>\t\t<\/div>\n\t\t\t\t<\/div>\n\t\t\t\t<div class=\"elementor-element elementor-element-9ad46a7 elementor-widget elementor-widget-heading\" data-id=\"9ad46a7\" data-element_type=\"widget\" data-widget_type=\"heading.default\">\n\t\t\t\t<div class=\"elementor-widget-container\">\n\t\t\t<h2 class=\"elementor-heading-title elementor-size-default\"><a href=\"https:\/\/revistas.ucr.ac.cr\/index.php\/cifem\/article\/view\/6960\/6646\" target=\"_blank\"><h2 data-elementor-setting-key=\"title\" data-pen-placeholder=\"Teclea aqu\u00ed...\" style=\"font-size: 18px; font-style: normal; margin-bottom: 0px; color: rgb(122, 122, 122); font-family: Helvetica, sans-serif;\">Villarreal, G. &amp; Oteiza, F. (2010). El modelo interactivo, una innovaci\u00f3n curricular en matem\u00e1tica: Resultados de su implementaci\u00f3n en el contexto educacional Chileno. <i>Cuadernos de Investigaci\u00f3n y Formaci\u00f3n en Educaci\u00f3n Matem\u00e1tica<\/i>. ISSN 1659-2573.<\/h2><\/a><\/h2>\t\t<\/div>\n\t\t\t\t<\/div>\n\t\t\t\t<div class=\"elementor-element elementor-element-213314f elementor-widget elementor-widget-heading\" data-id=\"213314f\" data-element_type=\"widget\" data-widget_type=\"heading.default\">\n\t\t\t\t<div class=\"elementor-widget-container\">\n\t\t\t<h2 class=\"elementor-heading-title elementor-size-default\"><a href=\"https:\/\/periodicos.ufpe.br\/revistas\/index.php\/emteia\/article\/view\/2183\/1754%20%20\" target=\"_blank\"><h2 data-elementor-setting-key=\"title\" data-pen-placeholder=\"Teclea aqu\u00ed...\" style=\"font-size: 18px; font-style: normal; margin-bottom: 0px; color: rgb(122, 122, 122); font-family: Helvetica, sans-serif;\">Miranda, H. &amp; Villarreal, G. (2010). Tecnolog\u00edas digitales en el contexto de un modelo de innovaci\u00f3n curricular en matem\u00e1tica en Chile. <i>Revista EM TEIA<\/i>, Nu\u0301m 1(1). Universidad Federal de Pernambuco. ISSN 1518-5370.&nbsp;<\/h2><\/a><\/h2>\t\t<\/div>\n\t\t\t\t<\/div>\n\t\t\t\t<div class=\"elementor-element elementor-element-6d5b3b5 elementor-widget elementor-widget-heading\" data-id=\"6d5b3b5\" data-element_type=\"widget\" data-widget_type=\"heading.default\">\n\t\t\t\t<div class=\"elementor-widget-container\">\n\t\t\t<h2 class=\"elementor-heading-title elementor-size-default\"><a href=\"https:\/\/revistas.ucr.ac.cr\/index.php\/cifem\/article\/view\/6954\/6640\" target=\"_blank\"><h2 data-elementor-setting-key=\"title\" data-pen-placeholder=\"Teclea aqu\u00ed...\" style=\"font-size: 18px; font-style: normal; margin-bottom: 0px; color: rgb(122, 122, 122); font-family: Helvetica, sans-serif;\">Lagos, M., Matus, C., Miranda, H. &amp; Villarreal, G. (2010). Aprendiendo matem\u00e1tica con tecnolog\u00eda port\u00e1til 1 a 1: resultados de una experiencia de innovaci\u00f3n en Chile. <i>Cuadernos de Investigaci\u00f3n y Formaci\u00f3n en Educaci\u00f3n Matem\u00e1tica<\/i>. ISSN 1659-2573.<\/h2><\/a><\/h2>\t\t<\/div>\n\t\t\t\t<\/div>\n\t\t\t\t<div class=\"elementor-element elementor-element-e894587 elementor-widget elementor-widget-heading\" data-id=\"e894587\" data-element_type=\"widget\" data-widget_type=\"heading.default\">\n\t\t\t\t<div class=\"elementor-widget-container\">\n\t\t\t<h2 class=\"elementor-heading-title elementor-size-default\"><a href=\"https:\/\/revistas.usal.es\/tres\/index.php\/eks\/article\/view\/19146\/19237\" target=\"_blank\"><h2 data-elementor-setting-key=\"title\" data-pen-placeholder=\"Teclea aqu\u00ed...\" style=\"font-size: 18px; font-style: normal; margin-bottom: 0px; color: rgb(122, 122, 122); font-family: Helvetica, sans-serif;\">Villarreal, G. (2006). La pizarra interactiva una estrategia metodolo\u0301gica de uso para apoyar la ensen\u0303anza y aprendizaje de la Matema\u0301tica. En Lo\u0301pez Ricardo (Coord.) Educacio\u0301n matema\u0301tica y tecnologi\u0301as de la informacio\u0301n [monogra\u0301fico en li\u0301nea] Revista Electro\u0301nica Teori\u0301a de la Educacio\u0301n y Cultura en la Sociedad de la Informacio\u0301n, Nu\u0301m 7(1) Universidad de Salamanca ISSN 1138-9737.&nbsp;<\/h2><\/a><\/h2>\t\t<\/div>\n\t\t\t\t<\/div>\n\t\t\t\t<div class=\"elementor-element elementor-element-7c791a7 elementor-widget elementor-widget-heading\" data-id=\"7c791a7\" data-element_type=\"widget\" data-widget_type=\"heading.default\">\n\t\t\t\t<div class=\"elementor-widget-container\">\n\t\t\t<h2 class=\"elementor-heading-title elementor-size-default\"><a href=\"https:\/\/edutec.es\/revista\/index.php\/edutec-e\/article\/view\/524\/258%20\" target=\"_blank\"><h2 data-elementor-setting-key=\"title\" data-pen-placeholder=\"Teclea aqu\u00ed...\" style=\"font-size: 18px; font-style: normal; margin-bottom: 0px; color: rgb(122, 122, 122); font-family: Helvetica, sans-serif;\">Villarreal, G. (2005). La resolucio\u0301n de problemas en matema\u0301tica y el uso de las TIC: resultados de un estudio en colegios de Chile, Edutec. Revista Electro\u0301nica de Tecnologi\u0301a Educativa, Nu\u0301m. 19. ISSN 1135-9250.<\/h2><\/a><\/h2>\t\t<\/div>\n\t\t\t\t<\/div>\n\t\t\t\t\t\t<\/div>\n\t\t\t\t\t<\/div>\n\t\t<\/div>\n\t\t\t\t\t\t\t\t<\/div>\n\t\t\t\t\t<\/div>\n\t\t<\/section>\n\t\t\t\t\t\t\t\t\t<\/div>\n\t\t\t<\/div>\n\t\t\t\t\t<\/div>\n\t\t","protected":false},"excerpt":{"rendered":"<p>Art\u00edculos Fidel Oteiza, \u00bfPor qu\u00e9 a la did\u00e1ctica, la epistemolog\u00eda, la inform\u00e1tica y a las habilidades matem\u00e1ticas, les cuesta tanto ingresar a una clase de matem\u00e1tica?, conferencia plenaria en el XV CIAEM, 5 al 10 de Mayo,Medell\u00edn Colombia. Villarreal, G. &amp; Oteiza, F. (2010). El modelo interactivo, una innovaci\u00f3n curricular en matem\u00e1tica: Resultados de su &hellip;<\/p>\n<p class=\"read-more\"> <a class=\"\" href=\"https:\/\/centrocomenius.org\/?page_id=210\"> <span class=\"screen-reader-text\">Art\u00edculos<\/span> Leer m\u00e1s &raquo;<\/a><\/p>\n","protected":false},"author":1,"featured_media":0,"parent":0,"menu_order":0,"comment_status":"closed","ping_status":"closed","template":"","meta":{"site-sidebar-layout":"no-sidebar","site-content-layout":"page-builder","ast-global-header-display":"","ast-main-header-display":"","ast-hfb-above-header-display":"","ast-hfb-below-header-display":"","ast-hfb-mobile-header-display":"","site-post-title":"disabled","ast-breadcrumbs-content":"","ast-featured-img":"disabled","footer-sml-layout":"","theme-transparent-header-meta":"default","adv-header-id-meta":"","stick-header-meta":"","header-above-stick-meta":"","header-main-stick-meta":"","header-below-stick-meta":"","footnotes":""},"class_list":["post-210","page","type-page","status-publish","hentry"],"_links":{"self":[{"href":"https:\/\/centrocomenius.org\/index.php?rest_route=\/wp\/v2\/pages\/210","targetHints":{"allow":["GET"]}}],"collection":[{"href":"https:\/\/centrocomenius.org\/index.php?rest_route=\/wp\/v2\/pages"}],"about":[{"href":"https:\/\/centrocomenius.org\/index.php?rest_route=\/wp\/v2\/types\/page"}],"author":[{"embeddable":true,"href":"https:\/\/centrocomenius.org\/index.php?rest_route=\/wp\/v2\/users\/1"}],"replies":[{"embeddable":true,"href":"https:\/\/centrocomenius.org\/index.php?rest_route=%2Fwp%2Fv2%2Fcomments&post=210"}],"version-history":[{"count":37,"href":"https:\/\/centrocomenius.org\/index.php?rest_route=\/wp\/v2\/pages\/210\/revisions"}],"predecessor-version":[{"id":799,"href":"https:\/\/centrocomenius.org\/index.php?rest_route=\/wp\/v2\/pages\/210\/revisions\/799"}],"wp:attachment":[{"href":"https:\/\/centrocomenius.org\/index.php?rest_route=%2Fwp%2Fv2%2Fmedia&parent=210"}],"curies":[{"name":"wp","href":"https:\/\/api.w.org\/{rel}","templated":true}]}}