{"id":193,"date":"2020-06-08T20:03:23","date_gmt":"2020-06-09T00:03:23","guid":{"rendered":"http:\/\/fundacioncomenius.org\/?page_id=193"},"modified":"2021-09-27T18:46:57","modified_gmt":"2021-09-27T21:46:57","slug":"clases-de-7-a-2-medio-en-ck-12","status":"publish","type":"page","link":"https:\/\/centrocomenius.org\/?page_id=193","title":{"rendered":"Clases de 7\u00b0 a 2\u00b0 Medio en CK-12"},"content":{"rendered":"\t\t<div data-elementor-type=\"wp-page\" data-elementor-id=\"193\" class=\"elementor elementor-193\">\n\t\t\t\t\t\t<div class=\"elementor-inner\">\n\t\t\t\t<div class=\"elementor-section-wrap\">\n\t\t\t\t\t\t\t\t\t<section class=\"elementor-section elementor-top-section elementor-element elementor-element-f0161d6 elementor-section-boxed elementor-section-height-default elementor-section-height-default\" data-id=\"f0161d6\" data-element_type=\"section\">\n\t\t\t\t\t\t<div class=\"elementor-container elementor-column-gap-default\">\n\t\t\t\t\t\t\t<div class=\"elementor-row\">\n\t\t\t\t\t<div class=\"elementor-column elementor-col-100 elementor-top-column elementor-element elementor-element-2c3d700\" data-id=\"2c3d700\" data-element_type=\"column\">\n\t\t\t<div class=\"elementor-column-wrap elementor-element-populated\">\n\t\t\t\t\t\t\t<div class=\"elementor-widget-wrap\">\n\t\t\t\t\t\t<div class=\"elementor-element elementor-element-fd9578e elementor-widget elementor-widget-heading\" data-id=\"fd9578e\" data-element_type=\"widget\" data-widget_type=\"heading.default\">\n\t\t\t\t<div class=\"elementor-widget-container\">\n\t\t\t<h2 class=\"elementor-heading-title elementor-size-default\">Clases de 7\u00ba b\u00e1sico a 2\u00ba medio en CK-12<\/h2>\t\t<\/div>\n\t\t\t\t<\/div>\n\t\t\t\t\t\t<\/div>\n\t\t\t\t\t<\/div>\n\t\t<\/div>\n\t\t\t\t\t\t\t\t<\/div>\n\t\t\t\t\t<\/div>\n\t\t<\/section>\n\t\t\t\t<section class=\"elementor-section elementor-top-section elementor-element elementor-element-3fa26ec elementor-section-boxed elementor-section-height-default elementor-section-height-default\" data-id=\"3fa26ec\" data-element_type=\"section\">\n\t\t\t\t\t\t<div class=\"elementor-container elementor-column-gap-default\">\n\t\t\t\t\t\t\t<div class=\"elementor-row\">\n\t\t\t\t\t<div class=\"elementor-column elementor-col-100 elementor-top-column elementor-element elementor-element-d1276d8\" data-id=\"d1276d8\" data-element_type=\"column\">\n\t\t\t<div class=\"elementor-column-wrap elementor-element-populated\">\n\t\t\t\t\t\t\t<div class=\"elementor-widget-wrap\">\n\t\t\t\t\t\t<div class=\"elementor-element elementor-element-5ebee0d elementor-widget elementor-widget-heading\" data-id=\"5ebee0d\" data-element_type=\"widget\" data-widget_type=\"heading.default\">\n\t\t\t\t<div class=\"elementor-widget-container\">\n\t\t\t<h2 class=\"elementor-heading-title elementor-size-default\"><p style=\"margin: 0cm 0cm 8pt; line-height: 22px; font-size: 11pt; font-family: Calibri, sans-serif; color: rgb(0, 0, 0); font-style: normal; font-weight: 400; white-space: normal;\"><span lang=\"ES\" style=\"font-family: Helvetica; color: rgb(89, 89, 89);\">Proyecto desarrollado para la Unidad de Curr\u00edculum y Evaluaci\u00f3n Ministerio de Educaci\u00f3n. Se crearon clases para la unidad de N\u00fameros de cursos de la Ense\u00f1anza Media, en la plataforma de la Fundaci\u00f3n CK \u2013 12.<o:p><\/o:p><\/span><\/p><p style=\"margin: 0cm 0cm 8pt; line-height: 22px; font-size: 11pt; font-family: Calibri, sans-serif; color: rgb(0, 0, 0); font-style: normal; font-weight: 400; white-space: normal;\"><span lang=\"ES\" style=\"font-family: Helvetica; color: rgb(89, 89, 89);\">Las clases son \u201cinteractivas\u201d en el sentido de contener simulaciones digitales din\u00e1micas, v\u00eddeos y preguntas con la capacidad para entregar feedback al estudiante.<o:p><\/o:p><\/span><\/p><p style=\"margin: 0cm 0cm 8pt; line-height: 22px; font-size: 11pt; font-family: Calibri, sans-serif; color: rgb(0, 0, 0); font-style: normal; font-weight: 400; white-space: normal;\"><span lang=\"ES\" style=\"font-family: Helvetica; color: rgb(89, 89, 89);\">El dise\u00f1o est\u00e1 pensado para cuatro semanas de clase e incluye las correspondiente evaluaciones semanales. Esta evaluaciones tambi\u00e9n entregan feedback al estudiante.<\/span><span style=\"color: rgb(84, 89, 95); font-family: Roboto, sans-serif; font-size: 15px; font-weight: 600; white-space: pre-wrap;\"><\/span><\/p><\/h2>\t\t<\/div>\n\t\t\t\t<\/div>\n\t\t\t\t\t\t<\/div>\n\t\t\t\t\t<\/div>\n\t\t<\/div>\n\t\t\t\t\t\t\t\t<\/div>\n\t\t\t\t\t<\/div>\n\t\t<\/section>\n\t\t\t\t<section class=\"elementor-section elementor-top-section elementor-element elementor-element-c913901 elementor-section-boxed elementor-section-height-default elementor-section-height-default\" data-id=\"c913901\" data-element_type=\"section\">\n\t\t\t\t\t\t<div class=\"elementor-container elementor-column-gap-default\">\n\t\t\t\t\t\t\t<div class=\"elementor-row\">\n\t\t\t\t\t<div class=\"elementor-column elementor-col-50 elementor-top-column elementor-element elementor-element-2309896\" data-id=\"2309896\" data-element_type=\"column\">\n\t\t\t<div class=\"elementor-column-wrap elementor-element-populated\">\n\t\t\t\t\t\t\t<div class=\"elementor-widget-wrap\">\n\t\t\t\t\t\t<div class=\"elementor-element elementor-element-301a16c elementor-widget elementor-widget-heading\" data-id=\"301a16c\" data-element_type=\"widget\" data-widget_type=\"heading.default\">\n\t\t\t\t<div class=\"elementor-widget-container\">\n\t\t\t<h2 class=\"elementor-heading-title elementor-size-default\"><a href=\"https:\/\/flexbooks.ck12.org\/user:b3n2ywxkby5iywv6ys5yb2phc0bnbwfpbc5jb20.\/cbook\/matem%C3%A1tica-7%C2%BA-b%C3%A1sico\/\" target=\"_blank\">S\u00e9ptimo b\u00e1sico<\/a><\/h2>\t\t<\/div>\n\t\t\t\t<\/div>\n\t\t\t\t\t\t<\/div>\n\t\t\t\t\t<\/div>\n\t\t<\/div>\n\t\t\t\t<div class=\"elementor-column elementor-col-50 elementor-top-column elementor-element elementor-element-3b88a7a\" data-id=\"3b88a7a\" data-element_type=\"column\">\n\t\t\t<div class=\"elementor-column-wrap elementor-element-populated\">\n\t\t\t\t\t\t\t<div class=\"elementor-widget-wrap\">\n\t\t\t\t\t\t<div class=\"elementor-element elementor-element-59385e6 elementor-widget elementor-widget-image\" data-id=\"59385e6\" data-element_type=\"widget\" data-widget_type=\"image.default\">\n\t\t\t\t<div class=\"elementor-widget-container\">\n\t\t\t\t\t\t\t\t<div class=\"elementor-image\">\n\t\t\t\t\t\t\t\t\t\t\t\t\t<a href=\"https:\/\/flexbooks.ck12.org\/user:b3n2ywxkby5iywv6ys5yb2phc0bnbwfpbc5jb20.\/cbook\/matem%C3%A1tica-7%C2%BA-b%C3%A1sico\/\" target=\"_blank\">\n\t\t\t\t\t\t\t<img decoding=\"async\" width=\"100\" height=\"36\" src=\"https:\/\/centrocomenius.org\/wp-content\/uploads\/2020\/05\/logo_ck12-e1591720947699.png\" class=\"attachment-large size-large wp-image-141\" alt=\"\" \/>\t\t\t\t\t\t\t\t<\/a>\n\t\t\t\t\t\t\t\t\t\t\t\t\t\t<\/div>\n\t\t\t\t\t\t<\/div>\n\t\t\t\t<\/div>\n\t\t\t\t\t\t<\/div>\n\t\t\t\t\t<\/div>\n\t\t<\/div>\n\t\t\t\t\t\t\t\t<\/div>\n\t\t\t\t\t<\/div>\n\t\t<\/section>\n\t\t\t\t<section class=\"elementor-section elementor-top-section elementor-element elementor-element-d262cfa elementor-section-boxed elementor-section-height-default elementor-section-height-default\" data-id=\"d262cfa\" data-element_type=\"section\">\n\t\t\t\t\t\t<div class=\"elementor-container elementor-column-gap-default\">\n\t\t\t\t\t\t\t<div class=\"elementor-row\">\n\t\t\t\t\t<div class=\"elementor-column elementor-col-50 elementor-top-column elementor-element elementor-element-04c0771\" data-id=\"04c0771\" data-element_type=\"column\">\n\t\t\t<div class=\"elementor-column-wrap elementor-element-populated\">\n\t\t\t\t\t\t\t<div class=\"elementor-widget-wrap\">\n\t\t\t\t\t\t<div class=\"elementor-element elementor-element-9f771c7 elementor-widget elementor-widget-heading\" data-id=\"9f771c7\" data-element_type=\"widget\" data-widget_type=\"heading.default\">\n\t\t\t\t<div class=\"elementor-widget-container\">\n\t\t\t<h2 class=\"elementor-heading-title elementor-size-default\"><a href=\"https:\/\/flexbooks.ck12.org\/user:b3n2ywxkby5iywv6ys5yb2phc0bnbwfpbc5jb20.\/cbook\/matem%C3%A1tica-8%C2%BA-b%C3%A1sico\/r1\/\" target=\"_blank\">Octavo B\u00e1sico<\/a><\/h2>\t\t<\/div>\n\t\t\t\t<\/div>\n\t\t\t\t\t\t<\/div>\n\t\t\t\t\t<\/div>\n\t\t<\/div>\n\t\t\t\t<div class=\"elementor-column elementor-col-50 elementor-top-column elementor-element elementor-element-6c1deb7\" data-id=\"6c1deb7\" data-element_type=\"column\">\n\t\t\t<div class=\"elementor-column-wrap elementor-element-populated\">\n\t\t\t\t\t\t\t<div class=\"elementor-widget-wrap\">\n\t\t\t\t\t\t<div class=\"elementor-element elementor-element-5e6c640 elementor-widget elementor-widget-image\" data-id=\"5e6c640\" data-element_type=\"widget\" data-widget_type=\"image.default\">\n\t\t\t\t<div class=\"elementor-widget-container\">\n\t\t\t\t\t\t\t\t<div class=\"elementor-image\">\n\t\t\t\t\t\t\t\t\t\t\t\t\t<a href=\"https:\/\/flexbooks.ck12.org\/user:b3n2ywxkby5iywv6ys5yb2phc0bnbwfpbc5jb20.\/cbook\/matem%C3%A1tica-8%C2%BA-b%C3%A1sico\/\" target=\"_blank\">\n\t\t\t\t\t\t\t<img decoding=\"async\" width=\"100\" height=\"36\" src=\"https:\/\/centrocomenius.org\/wp-content\/uploads\/2020\/05\/logo_ck12-e1591720947699.png\" class=\"attachment-large size-large wp-image-141\" alt=\"\" \/>\t\t\t\t\t\t\t\t<\/a>\n\t\t\t\t\t\t\t\t\t\t\t\t\t\t<\/div>\n\t\t\t\t\t\t<\/div>\n\t\t\t\t<\/div>\n\t\t\t\t\t\t<\/div>\n\t\t\t\t\t<\/div>\n\t\t<\/div>\n\t\t\t\t\t\t\t\t<\/div>\n\t\t\t\t\t<\/div>\n\t\t<\/section>\n\t\t\t\t<section class=\"elementor-section elementor-top-section elementor-element elementor-element-fea587e elementor-section-boxed elementor-section-height-default elementor-section-height-default\" data-id=\"fea587e\" data-element_type=\"section\">\n\t\t\t\t\t\t<div class=\"elementor-container elementor-column-gap-default\">\n\t\t\t\t\t\t\t<div class=\"elementor-row\">\n\t\t\t\t\t<div class=\"elementor-column elementor-col-50 elementor-top-column elementor-element elementor-element-a680da3\" data-id=\"a680da3\" data-element_type=\"column\">\n\t\t\t<div class=\"elementor-column-wrap elementor-element-populated\">\n\t\t\t\t\t\t\t<div class=\"elementor-widget-wrap\">\n\t\t\t\t\t\t<div class=\"elementor-element elementor-element-4c38f62 elementor-widget elementor-widget-heading\" data-id=\"4c38f62\" data-element_type=\"widget\" data-widget_type=\"heading.default\">\n\t\t\t\t<div class=\"elementor-widget-container\">\n\t\t\t<h2 class=\"elementor-heading-title elementor-size-default\"><a href=\"https:\/\/flexbooks.ck12.org\/user:b3n2ywxkby5iywv6ys5yb2phc0bnbwfpbc5jb20.\/cbook\/1%C2%BA-medio-unidad-1\/\" target=\"_blank\">Primero medio<\/a><\/h2>\t\t<\/div>\n\t\t\t\t<\/div>\n\t\t\t\t\t\t<\/div>\n\t\t\t\t\t<\/div>\n\t\t<\/div>\n\t\t\t\t<div class=\"elementor-column elementor-col-50 elementor-top-column elementor-element elementor-element-d95bd26\" data-id=\"d95bd26\" data-element_type=\"column\">\n\t\t\t<div class=\"elementor-column-wrap elementor-element-populated\">\n\t\t\t\t\t\t\t<div class=\"elementor-widget-wrap\">\n\t\t\t\t\t\t<div class=\"elementor-element elementor-element-acd0ea7 elementor-widget elementor-widget-image\" data-id=\"acd0ea7\" data-element_type=\"widget\" data-widget_type=\"image.default\">\n\t\t\t\t<div class=\"elementor-widget-container\">\n\t\t\t\t\t\t\t\t<div class=\"elementor-image\">\n\t\t\t\t\t\t\t\t\t\t\t\t\t<a href=\"https:\/\/flexbooks.ck12.org\/user:b3n2ywxkby5iywv6ys5yb2phc0bnbwfpbc5jb20.\/cbook\/1%C2%BA-medio-unidad-1\/\" target=\"_blank\">\n\t\t\t\t\t\t\t<img decoding=\"async\" width=\"100\" height=\"36\" src=\"https:\/\/centrocomenius.org\/wp-content\/uploads\/2020\/05\/logo_ck12-e1591720947699.png\" class=\"attachment-large size-large wp-image-141\" alt=\"\" \/>\t\t\t\t\t\t\t\t<\/a>\n\t\t\t\t\t\t\t\t\t\t\t\t\t\t<\/div>\n\t\t\t\t\t\t<\/div>\n\t\t\t\t<\/div>\n\t\t\t\t\t\t<\/div>\n\t\t\t\t\t<\/div>\n\t\t<\/div>\n\t\t\t\t\t\t\t\t<\/div>\n\t\t\t\t\t<\/div>\n\t\t<\/section>\n\t\t\t\t<section class=\"elementor-section elementor-top-section elementor-element elementor-element-50458c0 elementor-section-boxed elementor-section-height-default elementor-section-height-default\" data-id=\"50458c0\" data-element_type=\"section\">\n\t\t\t\t\t\t<div class=\"elementor-container elementor-column-gap-default\">\n\t\t\t\t\t\t\t<div class=\"elementor-row\">\n\t\t\t\t\t<div class=\"elementor-column elementor-col-50 elementor-top-column elementor-element elementor-element-261ba5d\" data-id=\"261ba5d\" data-element_type=\"column\">\n\t\t\t<div class=\"elementor-column-wrap elementor-element-populated\">\n\t\t\t\t\t\t\t<div class=\"elementor-widget-wrap\">\n\t\t\t\t\t\t<div class=\"elementor-element elementor-element-5b1c449 elementor-widget elementor-widget-heading\" data-id=\"5b1c449\" data-element_type=\"widget\" data-widget_type=\"heading.default\">\n\t\t\t\t<div class=\"elementor-widget-container\">\n\t\t\t<h2 class=\"elementor-heading-title elementor-size-default\"><a href=\"https:\/\/flexbooks.ck12.org\/user:b3n2ywxkby5iywv6ys5yb2phc0bnbwfpbc5jb20.\/cbook\/matem%C3%A1tica-2%C2%B0-medio-final-20-de-febrero\/r3\/\" target=\"_blank\">Segundo Medio<\/a><\/h2>\t\t<\/div>\n\t\t\t\t<\/div>\n\t\t\t\t\t\t<\/div>\n\t\t\t\t\t<\/div>\n\t\t<\/div>\n\t\t\t\t<div class=\"elementor-column elementor-col-50 elementor-top-column elementor-element elementor-element-404df86\" data-id=\"404df86\" data-element_type=\"column\">\n\t\t\t<div class=\"elementor-column-wrap elementor-element-populated\">\n\t\t\t\t\t\t\t<div class=\"elementor-widget-wrap\">\n\t\t\t\t\t\t<div class=\"elementor-element elementor-element-6726e1a elementor-widget elementor-widget-image\" data-id=\"6726e1a\" data-element_type=\"widget\" data-widget_type=\"image.default\">\n\t\t\t\t<div class=\"elementor-widget-container\">\n\t\t\t\t\t\t\t\t<div class=\"elementor-image\">\n\t\t\t\t\t\t\t\t\t\t\t\t\t<a href=\"https:\/\/flexbooks.ck12.org\/user:b3n2ywxkb2jhzxphqgdtywlslmnvbq..\/cbook\/matem%C3%A1tica-2%C2%B0-medio-final-20-de-febrero\/\" target=\"_blank\">\n\t\t\t\t\t\t\t<img decoding=\"async\" width=\"100\" height=\"36\" src=\"https:\/\/centrocomenius.org\/wp-content\/uploads\/2020\/05\/logo_ck12-e1591720947699.png\" class=\"attachment-large size-large wp-image-141\" alt=\"\" \/>\t\t\t\t\t\t\t\t<\/a>\n\t\t\t\t\t\t\t\t\t\t\t\t\t\t<\/div>\n\t\t\t\t\t\t<\/div>\n\t\t\t\t<\/div>\n\t\t\t\t\t\t<\/div>\n\t\t\t\t\t<\/div>\n\t\t<\/div>\n\t\t\t\t\t\t\t\t<\/div>\n\t\t\t\t\t<\/div>\n\t\t<\/section>\n\t\t\t\t\t\t\t\t\t<\/div>\n\t\t\t<\/div>\n\t\t\t\t\t<\/div>\n\t\t","protected":false},"excerpt":{"rendered":"<p>Clases de 7\u00ba b\u00e1sico a 2\u00ba medio en CK-12 Proyecto desarrollado para la Unidad de Curr\u00edculum y Evaluaci\u00f3n Ministerio de Educaci\u00f3n. Se crearon clases para la unidad de N\u00fameros de cursos de la Ense\u00f1anza Media, en la plataforma de la Fundaci\u00f3n CK \u2013 12. Las clases son \u201cinteractivas\u201d en el sentido de contener simulaciones digitales &hellip;<\/p>\n<p class=\"read-more\"> <a class=\"\" href=\"https:\/\/centrocomenius.org\/?page_id=193\"> <span class=\"screen-reader-text\">Clases de 7\u00b0 a 2\u00b0 Medio en CK-12<\/span> Leer m\u00e1s &raquo;<\/a><\/p>\n","protected":false},"author":1,"featured_media":0,"parent":0,"menu_order":0,"comment_status":"closed","ping_status":"closed","template":"","meta":{"site-sidebar-layout":"no-sidebar","site-content-layout":"page-builder","ast-global-header-display":"","ast-main-header-display":"","ast-hfb-above-header-display":"","ast-hfb-below-header-display":"","ast-hfb-mobile-header-display":"","site-post-title":"disabled","ast-breadcrumbs-content":"","ast-featured-img":"disabled","footer-sml-layout":"","theme-transparent-header-meta":"default","adv-header-id-meta":"","stick-header-meta":"","header-above-stick-meta":"","header-main-stick-meta":"","header-below-stick-meta":"","footnotes":""},"class_list":["post-193","page","type-page","status-publish","hentry"],"_links":{"self":[{"href":"https:\/\/centrocomenius.org\/index.php?rest_route=\/wp\/v2\/pages\/193","targetHints":{"allow":["GET"]}}],"collection":[{"href":"https:\/\/centrocomenius.org\/index.php?rest_route=\/wp\/v2\/pages"}],"about":[{"href":"https:\/\/centrocomenius.org\/index.php?rest_route=\/wp\/v2\/types\/page"}],"author":[{"embeddable":true,"href":"https:\/\/centrocomenius.org\/index.php?rest_route=\/wp\/v2\/users\/1"}],"replies":[{"embeddable":true,"href":"https:\/\/centrocomenius.org\/index.php?rest_route=%2Fwp%2Fv2%2Fcomments&post=193"}],"version-history":[{"count":15,"href":"https:\/\/centrocomenius.org\/index.php?rest_route=\/wp\/v2\/pages\/193\/revisions"}],"predecessor-version":[{"id":568,"href":"https:\/\/centrocomenius.org\/index.php?rest_route=\/wp\/v2\/pages\/193\/revisions\/568"}],"wp:attachment":[{"href":"https:\/\/centrocomenius.org\/index.php?rest_route=%2Fwp%2Fv2%2Fmedia&parent=193"}],"curies":[{"name":"wp","href":"https:\/\/api.w.org\/{rel}","templated":true}]}}