{"id":18,"date":"2020-05-18T16:40:14","date_gmt":"2020-05-18T20:40:14","guid":{"rendered":"http:\/\/fundacioncomenius.org\/?page_id=18"},"modified":"2021-09-29T13:24:26","modified_gmt":"2021-09-29T16:24:26","slug":"proyectos","status":"publish","type":"page","link":"https:\/\/centrocomenius.org\/?page_id=18","title":{"rendered":"Qu\u00e9 hacemos"},"content":{"rendered":"\t\t<div data-elementor-type=\"wp-page\" data-elementor-id=\"18\" class=\"elementor elementor-18\">\n\t\t\t\t\t\t<div class=\"elementor-inner\">\n\t\t\t\t<div class=\"elementor-section-wrap\">\n\t\t\t\t\t\t\t\t\t<section class=\"elementor-section elementor-top-section elementor-element elementor-element-280cb991 elementor-section-boxed elementor-section-height-default elementor-section-height-default\" data-id=\"280cb991\" data-element_type=\"section\">\n\t\t\t\t\t\t<div class=\"elementor-container elementor-column-gap-default\">\n\t\t\t\t\t\t\t<div class=\"elementor-row\">\n\t\t\t\t\t<div class=\"elementor-column elementor-col-100 elementor-top-column elementor-element elementor-element-f7fbd13\" data-id=\"f7fbd13\" data-element_type=\"column\">\n\t\t\t<div class=\"elementor-column-wrap elementor-element-populated\">\n\t\t\t\t\t\t\t<div class=\"elementor-widget-wrap\">\n\t\t\t\t\t\t<div class=\"elementor-element elementor-element-0a58afa elementor-widget elementor-widget-heading\" data-id=\"0a58afa\" data-element_type=\"widget\" data-widget_type=\"heading.default\">\n\t\t\t\t<div class=\"elementor-widget-container\">\n\t\t\t<h2 class=\"elementor-heading-title elementor-size-default\"><a href=\"http:\/\/centrocomenius.org\/?page_id=191\"><span style=\"color: rgb(127, 127, 127); font-family: Helvetica; font-size: 14pt; white-space: normal;\">En el Centro Comenius desarrollamos una mirada multidimensional e interdisciplinaria acerca de las soluciones y propuestas a desarrollar por el sistema escolar en su camino de mejoramiento continuo, con especial \u00e9nfasis en las \u00e1reas de Educaci\u00f3n Matem\u00e1tica y la integraci\u00f3n de tecnolog\u00edas digitales en el curriculum escolar. Con un equipo base senior y diversas redes docentes, acad\u00e9micos y consultores profesionales podemos ofrecer proyectos y servicios en las \u00e1reas de intervenci\u00f3n que se detallan a continuaci\u00f3n:&nbsp;<\/span><br><span style=\"color: rgb(127, 127, 127); font-family: Helvetica; font-size: 14pt; white-space: normal;\">&nbsp; &nbsp; &nbsp; &nbsp; &nbsp; &nbsp;i.\tI&amp;D en educaci\u00f3n&nbsp;<\/span><br><span style=\"color: rgb(127, 127, 127); font-family: Helvetica; font-size: 14pt; white-space: normal;\">&nbsp; &nbsp; &nbsp; &nbsp; &nbsp; ii.\tAsesor\u00eda, asistencia t\u00e9cnica, generaci\u00f3n y animaci\u00f3n de redes&nbsp;<\/span><br><span style=\"color: rgb(127, 127, 127); font-family: Helvetica; font-size: 14pt; white-space: normal;\">&nbsp; &nbsp; &nbsp; &nbsp; &nbsp;iii.\tDesarrollo Profesional Docente\niv.\tFormaci\u00f3n y capacitaci\u00f3n&nbsp;<\/span><br><span style=\"color: rgb(127, 127, 127); font-family: Helvetica; font-size: 14pt; white-space: normal;\">&nbsp; &nbsp; &nbsp; &nbsp; &nbsp; v.\tDise\u00f1o, producci\u00f3n y distribuci\u00f3n de recursos para el aprendizaje interactivos&nbsp;<\/span><br><span style=\"color: rgb(127, 127, 127); font-family: Helvetica; font-size: 14pt; white-space: normal;\">&nbsp; &nbsp; &nbsp; &nbsp; &nbsp;vi.\tEvaluaci\u00f3n&nbsp;<\/span><br><span style=\"color: rgb(127, 127, 127); font-family: Helvetica; font-size: 14pt; white-space: normal;\">Revise una muestra de recursos dise\u00f1ados y aplicados en procesos de innovaci\u00f3n curricular:<\/span><span style=\"color: rgb(127, 127, 127); font-family: Helvetica; font-size: 14pt; white-space: normal;\">&nbsp;<\/span><\/a><\/h2>\t\t<\/div>\n\t\t\t\t<\/div>\n\t\t\t\t<div class=\"elementor-element elementor-element-70bbf5f elementor-widget elementor-widget-heading\" data-id=\"70bbf5f\" data-element_type=\"widget\" data-widget_type=\"heading.default\">\n\t\t\t\t<div class=\"elementor-widget-container\">\n\t\t\t<div class=\"elementor-heading-title elementor-size-default\"><a href=\"http:\/\/centrocomenius.org\/?page_id=191\"><font color=\"#7a7a7a\"><span style=\"font-size: 15px; white-space: normal; caret-color: rgb(122, 122, 122);\">C\u00e1psulas en CK-12<\/span><\/font><\/a><\/div>\t\t<\/div>\n\t\t\t\t<\/div>\n\t\t\t\t<div class=\"elementor-element elementor-element-257a1d5 elementor-widget elementor-widget-heading\" data-id=\"257a1d5\" data-element_type=\"widget\" data-widget_type=\"heading.default\">\n\t\t\t\t<div class=\"elementor-widget-container\">\n\t\t\t<div class=\"elementor-heading-title elementor-size-default\"><a href=\"http:\/\/centrocomenius.org\/?page_id=192\"><span style=\"caret-color: rgb(122, 122, 122); color: rgb(122, 122, 122); font-size: 15px; font-style: normal; white-space: normal;\">Actividades en el curriculum nacional<\/span><\/a><\/div>\t\t<\/div>\n\t\t\t\t<\/div>\n\t\t\t\t<div class=\"elementor-element elementor-element-ff2e0de elementor-widget elementor-widget-heading\" data-id=\"ff2e0de\" data-element_type=\"widget\" data-widget_type=\"heading.default\">\n\t\t\t\t<div class=\"elementor-widget-container\">\n\t\t\t<div class=\"elementor-heading-title elementor-size-default\"><a href=\"http:\/\/centrocomenius.org\/?page_id=193\"><span style=\"caret-color: rgb(122, 122, 122); color: rgb(122, 122, 122); font-size: 15px; font-style: normal; white-space: normal;\">Clases de 7\u00ba a 2\u00ba medio en CK-12<\/span><\/a><\/div>\t\t<\/div>\n\t\t\t\t<\/div>\n\t\t\t\t<div class=\"elementor-element elementor-element-b384afc elementor-widget elementor-widget-heading\" data-id=\"b384afc\" data-element_type=\"widget\" data-widget_type=\"heading.default\">\n\t\t\t\t<div class=\"elementor-widget-container\">\n\t\t\t<div class=\"elementor-heading-title elementor-size-default\"><a href=\"http:\/\/centrocomenius.org\/?page_id=203\"><span style=\"caret-color: rgb(122, 122, 122); color: rgb(122, 122, 122); font-size: 15px; font-style: normal; white-space: normal;\">Liceos Bicentenarios<\/span><\/a><\/div>\t\t<\/div>\n\t\t\t\t<\/div>\n\t\t\t\t<div class=\"elementor-element elementor-element-32c7d98 elementor-widget elementor-widget-heading\" data-id=\"32c7d98\" data-element_type=\"widget\" data-widget_type=\"heading.default\">\n\t\t\t\t<div class=\"elementor-widget-container\">\n\t\t\t<div class=\"elementor-heading-title elementor-size-default\"><a href=\"http:\/\/centrocomenius.org\/?page_id=203\"><font color=\"#7a7a7a\"><span style=\"font-size: 15px; white-space: normal; caret-color: rgb(122, 122, 122);\">Gu\u00edas interactivas<\/span><\/font><\/a><\/div>\t\t<\/div>\n\t\t\t\t<\/div>\n\t\t\t\t<div class=\"elementor-element elementor-element-59b1133 elementor-widget elementor-widget-heading\" data-id=\"59b1133\" data-element_type=\"widget\" data-widget_type=\"heading.default\">\n\t\t\t\t<div class=\"elementor-widget-container\">\n\t\t\t<div class=\"elementor-heading-title elementor-size-default\"><a href=\"http:\/\/centrocomenius.org\/?page_id=160\"><font color=\"#7a7a7a\"><span style=\"font-size: 15px; white-space: normal; caret-color: rgb(122, 122, 122);\">&nbsp; &nbsp; &nbsp; &nbsp; &nbsp; - Noci\u00f3n de Funci\u00f3n&nbsp;<\/span><\/font><\/a><\/div>\t\t<\/div>\n\t\t\t\t<\/div>\n\t\t\t\t<div class=\"elementor-element elementor-element-a4363f6 elementor-widget elementor-widget-heading\" data-id=\"a4363f6\" data-element_type=\"widget\" data-widget_type=\"heading.default\">\n\t\t\t\t<div class=\"elementor-widget-container\">\n\t\t\t<div class=\"elementor-heading-title elementor-size-default\"><a href=\"http:\/\/centrocomenius.org\/?page_id=613\"><font color=\"#7a7a7a\"><span style=\"font-size: 15px; white-space: normal; caret-color: rgb(122, 122, 122);\">&nbsp; &nbsp; &nbsp; &nbsp; &nbsp; - Diagrama de Caja y Bigote<\/span><\/font><\/a><\/div>\t\t<\/div>\n\t\t\t\t<\/div>\n\t\t\t\t<div class=\"elementor-element elementor-element-e0981c0 elementor-widget elementor-widget-heading\" data-id=\"e0981c0\" data-element_type=\"widget\" data-widget_type=\"heading.default\">\n\t\t\t\t<div class=\"elementor-widget-container\">\n\t\t\t<div class=\"elementor-heading-title elementor-size-default\"><a href=\"http:\/\/centrocomenius.org\/?page_id=194\"><font color=\"#7a7a7a\"><span style=\"font-size: 15px; white-space: normal; caret-color: rgb(122, 122, 122);\">Fondef<\/span><\/font><\/a><\/div>\t\t<\/div>\n\t\t\t\t<\/div>\n\t\t\t\t\t\t<\/div>\n\t\t\t\t\t<\/div>\n\t\t<\/div>\n\t\t\t\t\t\t\t\t<\/div>\n\t\t\t\t\t<\/div>\n\t\t<\/section>\n\t\t\t\t\t\t\t\t\t<\/div>\n\t\t\t<\/div>\n\t\t\t\t\t<\/div>\n\t\t","protected":false},"excerpt":{"rendered":"<p>En el Centro Comenius desarrollamos una mirada multidimensional e interdisciplinaria acerca de las soluciones y propuestas a desarrollar por el sistema escolar en su camino de mejoramiento continuo, con especial \u00e9nfasis en las \u00e1reas de Educaci\u00f3n Matem\u00e1tica y la integraci\u00f3n de tecnolog\u00edas digitales en el curriculum escolar. Con un equipo base senior y diversas redes &hellip;<\/p>\n<p class=\"read-more\"> <a class=\"\" href=\"https:\/\/centrocomenius.org\/?page_id=18\"> <span class=\"screen-reader-text\">Qu\u00e9 hacemos<\/span> Leer m\u00e1s &raquo;<\/a><\/p>\n","protected":false},"author":1,"featured_media":0,"parent":0,"menu_order":0,"comment_status":"closed","ping_status":"closed","template":"","meta":{"site-sidebar-layout":"default","site-content-layout":"default","ast-global-header-display":"","ast-main-header-display":"","ast-hfb-above-header-display":"","ast-hfb-below-header-display":"","ast-hfb-mobile-header-display":"","site-post-title":"","ast-breadcrumbs-content":"","ast-featured-img":"","footer-sml-layout":"","theme-transparent-header-meta":"default","adv-header-id-meta":"","stick-header-meta":"","header-above-stick-meta":"","header-main-stick-meta":"","header-below-stick-meta":"","footnotes":""},"class_list":["post-18","page","type-page","status-publish","hentry"],"_links":{"self":[{"href":"https:\/\/centrocomenius.org\/index.php?rest_route=\/wp\/v2\/pages\/18","targetHints":{"allow":["GET"]}}],"collection":[{"href":"https:\/\/centrocomenius.org\/index.php?rest_route=\/wp\/v2\/pages"}],"about":[{"href":"https:\/\/centrocomenius.org\/index.php?rest_route=\/wp\/v2\/types\/page"}],"author":[{"embeddable":true,"href":"https:\/\/centrocomenius.org\/index.php?rest_route=\/wp\/v2\/users\/1"}],"replies":[{"embeddable":true,"href":"https:\/\/centrocomenius.org\/index.php?rest_route=%2Fwp%2Fv2%2Fcomments&post=18"}],"version-history":[{"count":23,"href":"https:\/\/centrocomenius.org\/index.php?rest_route=\/wp\/v2\/pages\/18\/revisions"}],"predecessor-version":[{"id":669,"href":"https:\/\/centrocomenius.org\/index.php?rest_route=\/wp\/v2\/pages\/18\/revisions\/669"}],"wp:attachment":[{"href":"https:\/\/centrocomenius.org\/index.php?rest_route=%2Fwp%2Fv2%2Fmedia&parent=18"}],"curies":[{"name":"wp","href":"https:\/\/api.w.org\/{rel}","templated":true}]}}