{"id":1270,"date":"2025-01-08T16:20:26","date_gmt":"2025-01-08T19:20:26","guid":{"rendered":"https:\/\/centrocomenius.org\/?page_id=1270"},"modified":"2025-01-22T11:21:02","modified_gmt":"2025-01-22T14:21:02","slug":"servicios","status":"publish","type":"page","link":"https:\/\/centrocomenius.org\/?page_id=1270","title":{"rendered":"Servicios"},"content":{"rendered":"\t\t<div data-elementor-type=\"wp-page\" data-elementor-id=\"1270\" class=\"elementor elementor-1270\">\n\t\t\t\t\t\t<div class=\"elementor-inner\">\n\t\t\t\t<div class=\"elementor-section-wrap\">\n\t\t\t\t\t\t\t\t\t<section class=\"elementor-section elementor-top-section elementor-element elementor-element-3f97ad9 elementor-section-boxed elementor-section-height-default elementor-section-height-default\" data-id=\"3f97ad9\" data-element_type=\"section\">\n\t\t\t\t\t\t<div class=\"elementor-container elementor-column-gap-default\">\n\t\t\t\t\t\t\t<div class=\"elementor-row\">\n\t\t\t\t\t<div class=\"elementor-column elementor-col-100 elementor-top-column elementor-element elementor-element-76161ed\" data-id=\"76161ed\" data-element_type=\"column\">\n\t\t\t<div class=\"elementor-column-wrap elementor-element-populated\">\n\t\t\t\t\t\t\t<div class=\"elementor-widget-wrap\">\n\t\t\t\t\t\t<div class=\"elementor-element elementor-element-f4c53b4 elementor-widget elementor-widget-heading\" data-id=\"f4c53b4\" data-element_type=\"widget\" data-widget_type=\"heading.default\">\n\t\t\t\t<div class=\"elementor-widget-container\">\n\t\t\t<h1 class=\"elementor-heading-title elementor-size-default\">Descubre Soluciones Educativas Transformadoras<\/h1>\t\t<\/div>\n\t\t\t\t<\/div>\n\t\t\t\t\t\t<\/div>\n\t\t\t\t\t<\/div>\n\t\t<\/div>\n\t\t\t\t\t\t\t\t<\/div>\n\t\t\t\t\t<\/div>\n\t\t<\/section>\n\t\t\t\t<section class=\"elementor-section elementor-top-section elementor-element elementor-element-4881c73 elementor-section-boxed elementor-section-height-default elementor-section-height-default\" data-id=\"4881c73\" data-element_type=\"section\">\n\t\t\t\t\t\t<div class=\"elementor-container elementor-column-gap-default\">\n\t\t\t\t\t\t\t<div class=\"elementor-row\">\n\t\t\t\t\t<div class=\"elementor-column elementor-col-100 elementor-top-column elementor-element elementor-element-a61c87b\" data-id=\"a61c87b\" data-element_type=\"column\">\n\t\t\t<div class=\"elementor-column-wrap elementor-element-populated\">\n\t\t\t\t\t\t\t<div class=\"elementor-widget-wrap\">\n\t\t\t\t\t\t<div class=\"elementor-element elementor-element-2833834 elementor-widget elementor-widget-text-editor\" data-id=\"2833834\" data-element_type=\"widget\" data-widget_type=\"text-editor.default\">\n\t\t\t\t<div class=\"elementor-widget-container\">\n\t\t\t\t\t\t\t\t<div class=\"elementor-text-editor elementor-clearfix\">\n\t\t\t\t<p>En el Centro Comenius creemos en el poder de la educaci\u00f3n para cambiar vidas. Nuestros servicios est\u00e1n dise\u00f1ados para revolucionar el aprendizaje y la ense\u00f1anza, integrando innovaci\u00f3n, tecnolog\u00eda y metodolog\u00edas efectivas. Ya sea a trav\u00e9s de herramientas interactivas, inteligencia artificial o asesor\u00edas personalizadas, estamos aqu\u00ed para acompa\u00f1arte en el camino hacia una educaci\u00f3n m\u00e1s creativa, inclusiva y efectiva. \u00a1Atr\u00e9vete a transformar el futuro de tu comunidad educativa con nosotros!<\/p>\t\t\t\t\t<\/div>\n\t\t\t\t\t\t<\/div>\n\t\t\t\t<\/div>\n\t\t\t\t\t\t<\/div>\n\t\t\t\t\t<\/div>\n\t\t<\/div>\n\t\t\t\t\t\t\t\t<\/div>\n\t\t\t\t\t<\/div>\n\t\t<\/section>\n\t\t\t\t<section class=\"elementor-section elementor-top-section elementor-element elementor-element-43f3a79 elementor-section-boxed elementor-section-height-default elementor-section-height-default\" data-id=\"43f3a79\" data-element_type=\"section\">\n\t\t\t\t\t\t<div class=\"elementor-container elementor-column-gap-default\">\n\t\t\t\t\t\t\t<div class=\"elementor-row\">\n\t\t\t\t\t<div class=\"elementor-column elementor-col-50 elementor-top-column elementor-element elementor-element-07fc5ed\" data-id=\"07fc5ed\" data-element_type=\"column\">\n\t\t\t<div class=\"elementor-column-wrap elementor-element-populated\">\n\t\t\t\t\t\t\t<div class=\"elementor-widget-wrap\">\n\t\t\t\t\t\t<div class=\"elementor-element elementor-element-66b6797 elementor-widget elementor-widget-accordion\" data-id=\"66b6797\" data-element_type=\"widget\" data-widget_type=\"accordion.default\">\n\t\t\t\t<div class=\"elementor-widget-container\">\n\t\t\t\t\t<div class=\"elementor-accordion\" role=\"tablist\">\n\t\t\t\t\t\t\t<div class=\"elementor-accordion-item\">\n\t\t\t\t\t<div id=\"elementor-tab-title-1071\" class=\"elementor-tab-title\" data-tab=\"1\" role=\"tab\" aria-controls=\"elementor-tab-content-1071\" aria-expanded=\"false\">\n\t\t\t\t\t\t\t\t\t\t\t\t\t<span class=\"elementor-accordion-icon elementor-accordion-icon-left\" aria-hidden=\"true\">\n\t\t\t\t\t\t\t\t\t\t\t\t\t\t\t<span class=\"elementor-accordion-icon-closed\"><i class=\"fas fa-plus\"><\/i><\/span>\n\t\t\t\t\t\t\t\t<span class=\"elementor-accordion-icon-opened\"><i class=\"fas fa-minus\"><\/i><\/span>\n\t\t\t\t\t\t\t\t\t\t\t\t\t\t<\/span>\n\t\t\t\t\t\t\t\t\t\t\t\t<a class=\"elementor-accordion-title\" href=\"\">Transformaci\u00f3n Matem\u00e1tica Interactiva<\/a>\n\t\t\t\t\t<\/div>\n\t\t\t\t\t<div id=\"elementor-tab-content-1071\" class=\"elementor-tab-content elementor-clearfix\" data-tab=\"1\" role=\"tabpanel\" aria-labelledby=\"elementor-tab-title-1071\"><p class=\"MsoNormal\" style=\"margin: 0cm; font-size: 12pt; font-family: Aptos, sans-serif; color: #000000; font-style: normal; font-weight: 400;\">Cambiamos el aprendizaje matem\u00e1tico mediante el <a style=\"color: #467886; text-decoration-line: underline;\" href=\"https:\/\/centrocomenius.org\/?page_id=652\" target=\"_blank\" rel=\"noopener\">Modelo Interactivo<\/a>, que integra gu\u00edas digitales enriquecidas, metodolog\u00edas activas y recursos tecnol\u00f3gicos. Este servicio incluye talleres para docentes, planificaci\u00f3n y dise\u00f1o, plataformas personalizadas y acompa\u00f1amiento en aula, adaptado a cada contexto educativo.<\/p><\/div>\n\t\t\t\t<\/div>\n\t\t\t\t\t\t\t<div class=\"elementor-accordion-item\">\n\t\t\t\t\t<div id=\"elementor-tab-title-1072\" class=\"elementor-tab-title\" data-tab=\"2\" role=\"tab\" aria-controls=\"elementor-tab-content-1072\" aria-expanded=\"false\">\n\t\t\t\t\t\t\t\t\t\t\t\t\t<span class=\"elementor-accordion-icon elementor-accordion-icon-left\" aria-hidden=\"true\">\n\t\t\t\t\t\t\t\t\t\t\t\t\t\t\t<span class=\"elementor-accordion-icon-closed\"><i class=\"fas fa-plus\"><\/i><\/span>\n\t\t\t\t\t\t\t\t<span class=\"elementor-accordion-icon-opened\"><i class=\"fas fa-minus\"><\/i><\/span>\n\t\t\t\t\t\t\t\t\t\t\t\t\t\t<\/span>\n\t\t\t\t\t\t\t\t\t\t\t\t<a class=\"elementor-accordion-title\" href=\"\">Estrategias Docentes para Habilidades Matem\u00e1ticas del Siglo XXI<\/a>\n\t\t\t\t\t<\/div>\n\t\t\t\t\t<div id=\"elementor-tab-content-1072\" class=\"elementor-tab-content elementor-clearfix\" data-tab=\"2\" role=\"tabpanel\" aria-labelledby=\"elementor-tab-title-1072\"><p class=\"MsoNormal\" style=\"margin: 0cm; font-size: 12pt; font-family: Aptos, sans-serif; color: #000000; font-style: normal; font-weight: 400;\">Potenciamos las competencias docentes con metodolog\u00edas innovadoras, trabajo de contenidos y habilidades matem\u00e1ticas y herramientas tecnol\u00f3gicas. Este servicio combina talleres pr\u00e1cticos, dise\u00f1o de actividades did\u00e1cticas y estrategias efectivas de ense\u00f1anza. Ideal para establecimientos y educadores que buscan renovar modificar las pr\u00e1cticas docentes y mejorar los logros de los estudiantes.<\/p><\/div>\n\t\t\t\t<\/div>\n\t\t\t\t\t\t\t<div class=\"elementor-accordion-item\">\n\t\t\t\t\t<div id=\"elementor-tab-title-1073\" class=\"elementor-tab-title\" data-tab=\"3\" role=\"tab\" aria-controls=\"elementor-tab-content-1073\" aria-expanded=\"false\">\n\t\t\t\t\t\t\t\t\t\t\t\t\t<span class=\"elementor-accordion-icon elementor-accordion-icon-left\" aria-hidden=\"true\">\n\t\t\t\t\t\t\t\t\t\t\t\t\t\t\t<span class=\"elementor-accordion-icon-closed\"><i class=\"fas fa-plus\"><\/i><\/span>\n\t\t\t\t\t\t\t\t<span class=\"elementor-accordion-icon-opened\"><i class=\"fas fa-minus\"><\/i><\/span>\n\t\t\t\t\t\t\t\t\t\t\t\t\t\t<\/span>\n\t\t\t\t\t\t\t\t\t\t\t\t<a class=\"elementor-accordion-title\" href=\"\">Transforma tu Aula con Inteligencia Artificial<\/a>\n\t\t\t\t\t<\/div>\n\t\t\t\t\t<div id=\"elementor-tab-content-1073\" class=\"elementor-tab-content elementor-clearfix\" data-tab=\"3\" role=\"tabpanel\" aria-labelledby=\"elementor-tab-title-1073\"><p class=\"MsoNormal\" style=\"margin: 0cm; font-size: 12pt; font-family: Aptos, sans-serif; color: #000000; font-style: normal; font-weight: 400;\">Aprovechamos el poder de la IA para personalizar el aprendizaje y optimizar la ense\u00f1anza. Este servicio incluye formaci\u00f3n docente en herramientas como ChatGPT, desarrollo de actividades interactivas, y soporte en la integraci\u00f3n tecnol\u00f3gica para generar aprendizajes m\u00e1s efectivos y adaptados.<\/p><\/div>\n\t\t\t\t<\/div>\n\t\t\t\t\t\t\t<div class=\"elementor-accordion-item\">\n\t\t\t\t\t<div id=\"elementor-tab-title-1074\" class=\"elementor-tab-title\" data-tab=\"4\" role=\"tab\" aria-controls=\"elementor-tab-content-1074\" aria-expanded=\"false\">\n\t\t\t\t\t\t\t\t\t\t\t\t\t<span class=\"elementor-accordion-icon elementor-accordion-icon-left\" aria-hidden=\"true\">\n\t\t\t\t\t\t\t\t\t\t\t\t\t\t\t<span class=\"elementor-accordion-icon-closed\"><i class=\"fas fa-plus\"><\/i><\/span>\n\t\t\t\t\t\t\t\t<span class=\"elementor-accordion-icon-opened\"><i class=\"fas fa-minus\"><\/i><\/span>\n\t\t\t\t\t\t\t\t\t\t\t\t\t\t<\/span>\n\t\t\t\t\t\t\t\t\t\t\t\t<a class=\"elementor-accordion-title\" href=\"\">Aprendizaje Efectivo: Diagn\u00f3stico y Acci\u00f3n<\/a>\n\t\t\t\t\t<\/div>\n\t\t\t\t\t<div id=\"elementor-tab-content-1074\" class=\"elementor-tab-content elementor-clearfix\" data-tab=\"4\" role=\"tabpanel\" aria-labelledby=\"elementor-tab-title-1074\"><p class=\"MsoNormal\" style=\"margin: 0cm; font-size: 12pt; font-family: Aptos, sans-serif; color: #000000; font-style: normal; font-weight: 400;\">Identificamos oportunidades de mejora en los aprendizajes de estudiantes con desaf\u00edos y dise\u00f1amos acciones espec\u00edficas para potenciar sus habilidades, al tiempo que impulsamos las capacidades de aquellos con mayor avance. A trav\u00e9s de diagn\u00f3sticos precisos y estrategias personalizadas, este servicio mejora los resultados acad\u00e9micos y promueve la equidad, reconociendo y desarrollando el potencial de todos en las aulas.<\/p><\/div>\n\t\t\t\t<\/div>\n\t\t\t\t\t\t\t<div class=\"elementor-accordion-item\">\n\t\t\t\t\t<div id=\"elementor-tab-title-1075\" class=\"elementor-tab-title\" data-tab=\"5\" role=\"tab\" aria-controls=\"elementor-tab-content-1075\" aria-expanded=\"false\">\n\t\t\t\t\t\t\t\t\t\t\t\t\t<span class=\"elementor-accordion-icon elementor-accordion-icon-left\" aria-hidden=\"true\">\n\t\t\t\t\t\t\t\t\t\t\t\t\t\t\t<span class=\"elementor-accordion-icon-closed\"><i class=\"fas fa-plus\"><\/i><\/span>\n\t\t\t\t\t\t\t\t<span class=\"elementor-accordion-icon-opened\"><i class=\"fas fa-minus\"><\/i><\/span>\n\t\t\t\t\t\t\t\t\t\t\t\t\t\t<\/span>\n\t\t\t\t\t\t\t\t\t\t\t\t<a class=\"elementor-accordion-title\" href=\"\">Plataformas Digitales para el Aprendizaje Matem\u00e1tico<\/a>\n\t\t\t\t\t<\/div>\n\t\t\t\t\t<div id=\"elementor-tab-content-1075\" class=\"elementor-tab-content elementor-clearfix\" data-tab=\"5\" role=\"tabpanel\" aria-labelledby=\"elementor-tab-title-1075\"><p class=\"MsoNormal\" style=\"margin: 0cm; font-size: 12pt; font-family: Aptos, sans-serif; color: #000000; font-style: normal; font-weight: 400;\">Creamos <a style=\"color: #467886; text-decoration-line: underline;\" href=\"https:\/\/centrocomenius.org\/?page_id=977\" target=\"_blank\" rel=\"noopener\">plataformas educativas<\/a> dise\u00f1adas para revolucionar el aprendizaje y la ense\u00f1anza, ofreciendo un entorno digital intuitivo y adaptable. Estas plataformas integran gu\u00edas interactivas, recursos tecnol\u00f3gicos avanzados como<a style=\"color: #467886; text-decoration-line: underline;\" href=\"https:\/\/www.geogebra.org\/\" target=\"_blank\" rel=\"noopener\"> GeoGebra<\/a> y <a style=\"color: #467886; text-decoration-line: underline;\" href=\"https:\/\/www.wiris.com\/es\/\" target=\"_blank\" rel=\"noopener\">Wiris<\/a>, y herramientas de evaluaci\u00f3n din\u00e1mica con retroalimentaci\u00f3n inmediata. Cada plataforma se personaliza seg\u00fan las necesidades de la instituci\u00f3n, permitiendo la gesti\u00f3n eficiente de cursos, comunicaciones, reportes de progreso en tiempo real y colaboraci\u00f3n entre docentes y estudiantes.<\/p><\/div>\n\t\t\t\t<\/div>\n\t\t\t\t\t\t\t<div class=\"elementor-accordion-item\">\n\t\t\t\t\t<div id=\"elementor-tab-title-1076\" class=\"elementor-tab-title\" data-tab=\"6\" role=\"tab\" aria-controls=\"elementor-tab-content-1076\" aria-expanded=\"false\">\n\t\t\t\t\t\t\t\t\t\t\t\t\t<span class=\"elementor-accordion-icon elementor-accordion-icon-left\" aria-hidden=\"true\">\n\t\t\t\t\t\t\t\t\t\t\t\t\t\t\t<span class=\"elementor-accordion-icon-closed\"><i class=\"fas fa-plus\"><\/i><\/span>\n\t\t\t\t\t\t\t\t<span class=\"elementor-accordion-icon-opened\"><i class=\"fas fa-minus\"><\/i><\/span>\n\t\t\t\t\t\t\t\t\t\t\t\t\t\t<\/span>\n\t\t\t\t\t\t\t\t\t\t\t\t<a class=\"elementor-accordion-title\" href=\"\">Programaci\u00f3n y Pensamiento Computacional: De Consumidores a Creadores<\/a>\n\t\t\t\t\t<\/div>\n\t\t\t\t\t<div id=\"elementor-tab-content-1076\" class=\"elementor-tab-content elementor-clearfix\" data-tab=\"6\" role=\"tabpanel\" aria-labelledby=\"elementor-tab-title-1076\"><p class=\"MsoNormal\" style=\"margin: 0cm; font-size: 12pt; font-family: Aptos, sans-serif; color: #000000; font-style: normal; font-weight: 400;\">Introducimos la programaci\u00f3n y el pensamiento computacional como herramienta pedag\u00f3gica en el aula, combin\u00e1ndola con actividades matem\u00e1ticas. Este servicio incluye talleres de Scratch y uso de ChatGPT para docentes, estrategias did\u00e1cticas y apoyo para implementar programaci\u00f3n en el curr\u00edculo escolar.<\/p><\/div>\n\t\t\t\t<\/div>\n\t\t\t\t\t\t\t<div class=\"elementor-accordion-item\">\n\t\t\t\t\t<div id=\"elementor-tab-title-1077\" class=\"elementor-tab-title\" data-tab=\"7\" role=\"tab\" aria-controls=\"elementor-tab-content-1077\" aria-expanded=\"false\">\n\t\t\t\t\t\t\t\t\t\t\t\t\t<span class=\"elementor-accordion-icon elementor-accordion-icon-left\" aria-hidden=\"true\">\n\t\t\t\t\t\t\t\t\t\t\t\t\t\t\t<span class=\"elementor-accordion-icon-closed\"><i class=\"fas fa-plus\"><\/i><\/span>\n\t\t\t\t\t\t\t\t<span class=\"elementor-accordion-icon-opened\"><i class=\"fas fa-minus\"><\/i><\/span>\n\t\t\t\t\t\t\t\t\t\t\t\t\t\t<\/span>\n\t\t\t\t\t\t\t\t\t\t\t\t<a class=\"elementor-accordion-title\" href=\"\">Estrategias Transformadoras para el Futuro Escolar<\/a>\n\t\t\t\t\t<\/div>\n\t\t\t\t\t<div id=\"elementor-tab-content-1077\" class=\"elementor-tab-content elementor-clearfix\" data-tab=\"7\" role=\"tabpanel\" aria-labelledby=\"elementor-tab-title-1077\"><p><span style=\"color: #000000; font-style: normal; font-weight: 400; font-size: 12pt; font-family: Aptos, sans-serif;\">Acompa\u00f1amos a instituciones en la transformaci\u00f3n educativa, desde el dise\u00f1o de proyectos innovadores hasta su evaluaci\u00f3n de impacto. Este servicio incluye diagn\u00f3sticos iniciales, desarrollo de estrategias y asesor\u00eda en la implementaci\u00f3n de soluciones pedag\u00f3gicas adaptadas.<\/span><\/p><\/div>\n\t\t\t\t<\/div>\n\t\t\t\t\t\t\t\t<\/div>\n\t\t\t\t<\/div>\n\t\t\t\t<\/div>\n\t\t\t\t\t\t<\/div>\n\t\t\t\t\t<\/div>\n\t\t<\/div>\n\t\t\t\t<div class=\"elementor-column elementor-col-50 elementor-top-column elementor-element elementor-element-ff4def7\" data-id=\"ff4def7\" data-element_type=\"column\">\n\t\t\t<div class=\"elementor-column-wrap elementor-element-populated\">\n\t\t\t\t\t\t\t<div class=\"elementor-widget-wrap\">\n\t\t\t\t\t\t<div class=\"elementor-element elementor-element-840ced5 elementor-aspect-ratio-169 elementor-widget elementor-widget-video\" data-id=\"840ced5\" data-element_type=\"widget\" data-settings=\"{&quot;youtube_url&quot;:&quot;https:\\\/\\\/youtu.be\\\/9bNWCvvsWo8&quot;,&quot;video_type&quot;:&quot;youtube&quot;,&quot;controls&quot;:&quot;yes&quot;,&quot;aspect_ratio&quot;:&quot;169&quot;}\" data-widget_type=\"video.default\">\n\t\t\t\t<div class=\"elementor-widget-container\">\n\t\t\t\t\t<div class=\"elementor-wrapper elementor-fit-aspect-ratio elementor-open-inline\">\n\t\t\t<div class=\"elementor-video\"><\/div>\t\t<\/div>\n\t\t\t\t<\/div>\n\t\t\t\t<\/div>\n\t\t\t\t<div class=\"elementor-element elementor-element-20705ad elementor-widget elementor-widget-html\" data-id=\"20705ad\" data-element_type=\"widget\" data-widget_type=\"html.default\">\n\t\t\t\t<div class=\"elementor-widget-container\">\n\t\t\t<!DOCTYPE html>\n<html lang=\"en\">\n<head>\n    <meta charset=\"UTF-8\">\n    <meta name=\"viewport\" content=\"width=device-width, initial-scale=1.0\">\n    <style>\n        .contact-button {\n            display: inline-block;\n            padding: 15px 30px;\n            font-size: 18px;\n            font-weight: bold;\n            color: #ffffff;\n            background-color: #0073e6;\n            text-align: center;\n            text-decoration: none;\n            border-radius: 8px;\n            box-shadow: 0 4px 8px rgba(0, 0, 0, 0.2);\n            transition: background-color 0.3s, transform 0.2s;\n        }\n\n        .contact-button:hover {\n            background-color: #005bb5;\n            transform: scale(1.05);\n        }\n\n        .contact-button:active {\n            background-color: #004080;\n            transform: scale(0.98);\n        }\n    <\/style>\n<\/head>\n<body>\n    <a href=\"https:\/\/centrocomenius.org\/?page_id=20\" class=\"contact-button\" target=\"_blank\">\n        \u00a1Cont\u00e1ctanos y transforma la educaci\u00f3n!\n    <\/a>\n<\/body>\n<\/html>\n\t\t<\/div>\n\t\t\t\t<\/div>\n\t\t\t\t\t\t<\/div>\n\t\t\t\t\t<\/div>\n\t\t<\/div>\n\t\t\t\t\t\t\t\t<\/div>\n\t\t\t\t\t<\/div>\n\t\t<\/section>\n\t\t\t\t\t\t\t\t\t<\/div>\n\t\t\t<\/div>\n\t\t\t\t\t<\/div>\n\t\t","protected":false},"excerpt":{"rendered":"<p>Descubre Soluciones Educativas Transformadoras En el Centro Comenius creemos en el poder de la educaci\u00f3n para cambiar vidas. Nuestros servicios est\u00e1n dise\u00f1ados para revolucionar el aprendizaje y la ense\u00f1anza, integrando innovaci\u00f3n, tecnolog\u00eda y metodolog\u00edas efectivas. Ya sea a trav\u00e9s de herramientas interactivas, inteligencia artificial o asesor\u00edas personalizadas, estamos aqu\u00ed para acompa\u00f1arte en el camino hacia &hellip;<\/p>\n<p class=\"read-more\"> <a class=\"\" href=\"https:\/\/centrocomenius.org\/?page_id=1270\"> <span class=\"screen-reader-text\">Servicios<\/span> Leer m\u00e1s &raquo;<\/a><\/p>\n","protected":false},"author":1,"featured_media":0,"parent":0,"menu_order":0,"comment_status":"closed","ping_status":"closed","template":"","meta":{"site-sidebar-layout":"no-sidebar","site-content-layout":"page-builder","ast-global-header-display":"","ast-main-header-display":"","ast-hfb-above-header-display":"","ast-hfb-below-header-display":"","ast-hfb-mobile-header-display":"","site-post-title":"disabled","ast-breadcrumbs-content":"","ast-featured-img":"disabled","footer-sml-layout":"","theme-transparent-header-meta":"","adv-header-id-meta":"","stick-header-meta":"","header-above-stick-meta":"","header-main-stick-meta":"","header-below-stick-meta":"","footnotes":""},"class_list":["post-1270","page","type-page","status-publish","hentry"],"_links":{"self":[{"href":"https:\/\/centrocomenius.org\/index.php?rest_route=\/wp\/v2\/pages\/1270","targetHints":{"allow":["GET"]}}],"collection":[{"href":"https:\/\/centrocomenius.org\/index.php?rest_route=\/wp\/v2\/pages"}],"about":[{"href":"https:\/\/centrocomenius.org\/index.php?rest_route=\/wp\/v2\/types\/page"}],"author":[{"embeddable":true,"href":"https:\/\/centrocomenius.org\/index.php?rest_route=\/wp\/v2\/users\/1"}],"replies":[{"embeddable":true,"href":"https:\/\/centrocomenius.org\/index.php?rest_route=%2Fwp%2Fv2%2Fcomments&post=1270"}],"version-history":[{"count":31,"href":"https:\/\/centrocomenius.org\/index.php?rest_route=\/wp\/v2\/pages\/1270\/revisions"}],"predecessor-version":[{"id":1309,"href":"https:\/\/centrocomenius.org\/index.php?rest_route=\/wp\/v2\/pages\/1270\/revisions\/1309"}],"wp:attachment":[{"href":"https:\/\/centrocomenius.org\/index.php?rest_route=%2Fwp%2Fv2%2Fmedia&parent=1270"}],"curies":[{"name":"wp","href":"https:\/\/api.w.org\/{rel}","templated":true}]}}