{"id":12,"date":"2020-05-18T16:38:04","date_gmt":"2020-05-18T20:38:04","guid":{"rendered":"http:\/\/fundacioncomenius.org\/?page_id=12"},"modified":"2025-07-24T16:53:11","modified_gmt":"2025-07-24T20:53:11","slug":"inicio","status":"publish","type":"page","link":"https:\/\/centrocomenius.org\/","title":{"rendered":"Centro Comenius"},"content":{"rendered":"\t\t<div data-elementor-type=\"wp-page\" data-elementor-id=\"12\" class=\"elementor elementor-12\">\n\t\t\t\t\t\t<div class=\"elementor-inner\">\n\t\t\t\t<div class=\"elementor-section-wrap\">\n\t\t\t\t\t\t\t\t\t<section class=\"elementor-section elementor-top-section elementor-element elementor-element-cdb9bce elementor-section-boxed elementor-section-height-default elementor-section-height-default\" data-id=\"cdb9bce\" data-element_type=\"section\">\n\t\t\t\t\t\t<div class=\"elementor-container elementor-column-gap-default\">\n\t\t\t\t\t\t\t<div class=\"elementor-row\">\n\t\t\t\t\t<div class=\"elementor-column elementor-col-100 elementor-top-column elementor-element elementor-element-d05e56a\" data-id=\"d05e56a\" data-element_type=\"column\">\n\t\t\t<div class=\"elementor-column-wrap\">\n\t\t\t\t\t\t\t<div class=\"elementor-widget-wrap\">\n\t\t\t\t\t\t\t\t<\/div>\n\t\t\t\t\t<\/div>\n\t\t<\/div>\n\t\t\t\t\t\t\t\t<\/div>\n\t\t\t\t\t<\/div>\n\t\t<\/section>\n\t\t\t\t<section class=\"elementor-section elementor-top-section elementor-element elementor-element-5738500 elementor-section-boxed elementor-section-height-default elementor-section-height-default\" data-id=\"5738500\" data-element_type=\"section\">\n\t\t\t\t\t\t<div class=\"elementor-container elementor-column-gap-default\">\n\t\t\t\t\t\t\t<div class=\"elementor-row\">\n\t\t\t\t\t<div class=\"elementor-column elementor-col-50 elementor-top-column elementor-element elementor-element-66321e0\" data-id=\"66321e0\" data-element_type=\"column\">\n\t\t\t<div class=\"elementor-column-wrap elementor-element-populated\">\n\t\t\t\t\t\t\t<div class=\"elementor-widget-wrap\">\n\t\t\t\t\t\t<div class=\"elementor-element elementor-element-9867c07 elementor-widget elementor-widget-heading\" data-id=\"9867c07\" data-element_type=\"widget\" data-widget_type=\"heading.default\">\n\t\t\t\t<div class=\"elementor-widget-container\">\n\t\t\t<h2 class=\"elementor-heading-title elementor-size-default\"><p style=\"margin: 0cm; font-size: 12pt; font-family: Calibri, sans-serif; color: rgb(0, 0, 0); font-style: normal; font-weight: 400; white-space: normal;\"><span lang=\"ES\" style=\"font-size: 18pt; font-family: Helvetica; color: rgb(127, 127, 127);\">En el Centro Comenius trabajamos por una educaci\u00f3n de calidad, entretenida y con pasi\u00f3n, en donde el estudiante es el centro del proceso de aprendizaje y el docente un mediador atento al saber disponible y a los intereses y talentos de ni\u00f1os, ni\u00f1as y adolescentes en su etapa escolar.<o:p><\/o:p><\/span><\/p><p style=\"margin: 0cm; font-size: 12pt; font-family: Calibri, sans-serif; color: rgb(0, 0, 0); font-style: normal; font-weight: 400; white-space: normal;\"><span lang=\"ES\" style=\"font-size: 18pt; font-family: Helvetica; color: rgb(127, 127, 127);\">&nbsp;<\/span><\/p><p style=\"margin: 0cm; font-size: 12pt; font-family: Calibri, sans-serif; color: rgb(0, 0, 0); font-style: normal; font-weight: 400; white-space: normal;\"><span lang=\"ES\" style=\"font-size: 18pt; font-family: Helvetica; color: rgb(127, 127, 127);\">Innovaci\u00f3n curricular y did\u00e1ctica, especialmente en la asignatura de Matem\u00e1tica, liderazgo pedag\u00f3gico, desarrollo profesional docente y uso intensivo y creativo de las tecnolog\u00edas digitales, constituyen nuestros principales desaf\u00edos y propuestas al sistema escolar del Siglo XXI.<\/span><span style=\"color: rgb(213, 210, 210); font-family: Roboto, sans-serif; font-size: 2rem; font-weight: 600; white-space: pre-wrap;\"><\/span><\/p><\/h2>\t\t<\/div>\n\t\t\t\t<\/div>\n\t\t\t\t\t\t<\/div>\n\t\t\t\t\t<\/div>\n\t\t<\/div>\n\t\t\t\t<div class=\"elementor-column elementor-col-50 elementor-top-column elementor-element elementor-element-401412e\" data-id=\"401412e\" data-element_type=\"column\">\n\t\t\t<div class=\"elementor-column-wrap elementor-element-populated\">\n\t\t\t\t\t\t\t<div class=\"elementor-widget-wrap\">\n\t\t\t\t\t\t<div class=\"elementor-element elementor-element-da5c920 elementor-widget elementor-widget-heading\" data-id=\"da5c920\" data-element_type=\"widget\" data-widget_type=\"heading.default\">\n\t\t\t\t<div class=\"elementor-widget-container\">\n\t\t\t<h2 class=\"elementor-heading-title elementor-size-default\"><i style=\"color: rgb(46, 116, 181); font-family: &quot;Calibri Light&quot;, sans-serif; font-size: 13pt; font-weight: normal; text-align: right; white-space: normal;\"><span lang=\"ES\" style=\"font-size: 11pt; font-family: Calibri, sans-serif; color: black;\">\u201cTodo lo que no comunica sentido no se puede comprender ni valorar\u201d<\/span><\/i><h2 align=\"right\" style=\"margin: 0cm 0cm 0.0001pt 65.65pt; line-height: 15.6pt; break-after: avoid; font-size: 13pt; font-family: &quot;Calibri Light&quot;, sans-serif; color: rgb(46, 116, 181); font-weight: normal; font-style: normal; white-space: normal; text-align: right; background-image: initial; background-position: initial; background-size: initial; background-repeat: initial; background-attachment: initial; background-origin: initial; background-clip: initial;\"><i><span lang=\"ES\" style=\"font-size: 11pt; font-family: Calibri, sans-serif; color: black;\">\u201cEnse\u00f1ar bien es permitir que el alumno aprenda de manera r\u00e1pida, amable y completa\u201d.<\/span><\/i><i><span lang=\"ES\" style=\"font-size: 11pt; font-family: Calibri, sans-serif; color: windowtext;\"><o:p><\/o:p><\/span><\/i><\/h2><h2 align=\"right\" style=\"margin: 0cm 0cm 0.0001pt 65.65pt; line-height: 15.6pt; break-after: avoid; font-size: 13pt; font-family: &quot;Calibri Light&quot;, sans-serif; color: rgb(46, 116, 181); font-weight: normal; font-style: normal; white-space: normal; text-align: right; background-image: initial; background-position: initial; background-size: initial; background-repeat: initial; background-attachment: initial; background-origin: initial; background-clip: initial;\"><i><span lang=\"ES\" style=\"font-size: 11pt; font-family: Calibri, sans-serif; color: black;\">\u201cQuien ense\u00f1a a otros, se ense\u00f1a a s\u00ed mismo\u201d.<\/span><\/i><i><span lang=\"ES\" style=\"font-size: 11pt; font-family: Calibri, sans-serif; color: windowtext;\"><o:p><\/o:p><\/span><\/i><\/h2><h2 align=\"right\" style=\"margin: 0cm 0cm 0.0001pt 65.65pt; line-height: 15.6pt; break-after: avoid; font-size: 13pt; font-family: &quot;Calibri Light&quot;, sans-serif; color: rgb(46, 116, 181); font-weight: normal; font-style: normal; white-space: normal; text-align: right; background-image: initial; background-position: initial; background-size: initial; background-repeat: initial; background-attachment: initial; background-origin: initial; background-clip: initial;\"><i><span lang=\"ES\" style=\"font-size: 11pt; font-family: Calibri, sans-serif; color: black;\">(Jan Amos Comenius. 1592-1670)<\/span><\/i><\/h2><\/h2>\t\t<\/div>\n\t\t\t\t<\/div>\n\t\t\t\t<div class=\"elementor-element elementor-element-e90305c elementor-aspect-ratio-169 elementor-widget elementor-widget-video\" data-id=\"e90305c\" data-element_type=\"widget\" data-settings=\"{&quot;youtube_url&quot;:&quot;https:\\\/\\\/youtu.be\\\/WL1pEbHjL7Y&quot;,&quot;autoplay&quot;:&quot;yes&quot;,&quot;play_on_mobile&quot;:&quot;yes&quot;,&quot;mute&quot;:&quot;yes&quot;,&quot;loop&quot;:&quot;yes&quot;,&quot;video_type&quot;:&quot;youtube&quot;,&quot;aspect_ratio&quot;:&quot;169&quot;}\" data-widget_type=\"video.default\">\n\t\t\t\t<div class=\"elementor-widget-container\">\n\t\t\t\t\t<div class=\"elementor-wrapper elementor-fit-aspect-ratio elementor-open-inline\">\n\t\t\t<div class=\"elementor-video\"><\/div>\t\t<\/div>\n\t\t\t\t<\/div>\n\t\t\t\t<\/div>\n\t\t\t\t\t\t<\/div>\n\t\t\t\t\t<\/div>\n\t\t<\/div>\n\t\t\t\t\t\t\t\t<\/div>\n\t\t\t\t\t<\/div>\n\t\t<\/section>\n\t\t\t\t\t\t\t\t\t<\/div>\n\t\t\t<\/div>\n\t\t\t\t\t<\/div>\n\t\t","protected":false},"excerpt":{"rendered":"<p>En el Centro Comenius trabajamos por una educaci\u00f3n de calidad, entretenida y con pasi\u00f3n, en donde el estudiante es el centro del proceso de aprendizaje y el docente un mediador atento al saber disponible y a los intereses y talentos de ni\u00f1os, ni\u00f1as y adolescentes en su etapa escolar. &nbsp; Innovaci\u00f3n curricular y did\u00e1ctica, especialmente &hellip;<\/p>\n<p class=\"read-more\"> <a class=\"\" href=\"https:\/\/centrocomenius.org\/\"> <span class=\"screen-reader-text\">Centro Comenius<\/span> Leer m\u00e1s &raquo;<\/a><\/p>\n","protected":false},"author":1,"featured_media":0,"parent":0,"menu_order":0,"comment_status":"closed","ping_status":"closed","template":"","meta":{"site-sidebar-layout":"default","site-content-layout":"default","ast-global-header-display":"","ast-main-header-display":"","ast-hfb-above-header-display":"","ast-hfb-below-header-display":"","ast-hfb-mobile-header-display":"","site-post-title":"","ast-breadcrumbs-content":"","ast-featured-img":"","footer-sml-layout":"","theme-transparent-header-meta":"default","adv-header-id-meta":"","stick-header-meta":"","header-above-stick-meta":"","header-main-stick-meta":"","header-below-stick-meta":"","footnotes":""},"class_list":["post-12","page","type-page","status-publish","hentry"],"_links":{"self":[{"href":"https:\/\/centrocomenius.org\/index.php?rest_route=\/wp\/v2\/pages\/12","targetHints":{"allow":["GET"]}}],"collection":[{"href":"https:\/\/centrocomenius.org\/index.php?rest_route=\/wp\/v2\/pages"}],"about":[{"href":"https:\/\/centrocomenius.org\/index.php?rest_route=\/wp\/v2\/types\/page"}],"author":[{"embeddable":true,"href":"https:\/\/centrocomenius.org\/index.php?rest_route=\/wp\/v2\/users\/1"}],"replies":[{"embeddable":true,"href":"https:\/\/centrocomenius.org\/index.php?rest_route=%2Fwp%2Fv2%2Fcomments&post=12"}],"version-history":[{"count":86,"href":"https:\/\/centrocomenius.org\/index.php?rest_route=\/wp\/v2\/pages\/12\/revisions"}],"predecessor-version":[{"id":1363,"href":"https:\/\/centrocomenius.org\/index.php?rest_route=\/wp\/v2\/pages\/12\/revisions\/1363"}],"wp:attachment":[{"href":"https:\/\/centrocomenius.org\/index.php?rest_route=%2Fwp%2Fv2%2Fmedia&parent=12"}],"curies":[{"name":"wp","href":"https:\/\/api.w.org\/{rel}","templated":true}]}}